{"id":1046,"date":"2023-08-24T11:26:36","date_gmt":"2023-08-24T11:26:36","guid":{"rendered":"https:\/\/shiatsugirona.com\/?page_id=1046"},"modified":"2024-11-08T11:48:49","modified_gmt":"2024-11-08T11:48:49","slug":"politica-de-cookies","status":"publish","type":"page","link":"https:\/\/shiatsugirona.com\/ca\/politica-de-cookies\/","title":{"rendered":"Pol\u00edtica de cookies"},"content":{"rendered":"<div class=\"fusion-fullwidth fullwidth-box fusion-builder-row-1 fusion-flex-container nonhundred-percent-fullwidth non-hundred-percent-height-scrolling\" style=\"--awb-border-radius-top-left:0px;--awb-border-radius-top-right:0px;--awb-border-radius-bottom-right:0px;--awb-border-radius-bottom-left:0px;--awb-flex-wrap:wrap;\" ><div class=\"fusion-builder-row fusion-row fusion-flex-align-items-flex-start fusion-flex-content-wrap\" style=\"max-width:1216.8px;margin-left: calc(-4% \/ 2 );margin-right: calc(-4% \/ 2 );\"><div class=\"fusion-layout-column fusion_builder_column fusion-builder-column-0 fusion_builder_column_1_1 1_1 fusion-flex-column\" style=\"--awb-bg-blend:overlay;--awb-bg-size:cover;--awb-width-large:100%;--awb-margin-top-large:0px;--awb-spacing-right-large:1.92%;--awb-margin-bottom-large:0px;--awb-spacing-left-large:1.92%;--awb-width-medium:100%;--awb-spacing-right-medium:1.92%;--awb-spacing-left-medium:1.92%;--awb-width-small:100%;--awb-spacing-right-small:1.92%;--awb-spacing-left-small:1.92%;\"><div class=\"fusion-column-wrapper fusion-flex-justify-content-flex-start fusion-content-layout-column\"><div class=\"fusion-title title fusion-title-1 fusion-sep-none fusion-title-text fusion-title-size-one\" style=\"--awb-margin-bottom:30px;--awb-margin-top-small:0px;--awb-margin-right-small:0px;--awb-margin-bottom-small:20px;--awb-margin-left-small:0px;\"><h1 class=\"fusion-title-heading title-heading-left\" style=\"margin:0;\">Pol\u00edtica de cookies<\/h1><\/div><div class=\"fusion-title title fusion-title-2 fusion-sep-none fusion-title-text fusion-title-size-three\" style=\"--awb-margin-top-small:0px;--awb-margin-right-small:0px;--awb-margin-bottom-small:20px;--awb-margin-left-small:0px;\"><h3 class=\"fusion-title-heading title-heading-left\" style=\"margin:0;\"><b>Qu\u00e8 s\u00f3n les cookies?<\/b><\/p>\n<p><b>\u00a0<\/b><\/h3><\/div><div class=\"fusion-text fusion-text-1\"><p>Les cookies s\u00f3n petits arxius de dades que es reben en el terminal des del lloc web visitat i s&#8217;usen per a registrar certes interaccions de la navegaci\u00f3 en un lloc web emmagatzemant dades que podran ser actualitzats i recuperats. Aquests arxius s&#8217;emmagatzemen en l&#8217;ordinador de l&#8217;usuari i cont\u00e9 dades an\u00f2nimes que no s\u00f3n perjudicials per al seu equip. S&#8217;utilitzen per a recordar les prefer\u00e8ncies de l&#8217;usuari, com l&#8217;idioma seleccionat, dades d&#8217;acc\u00e9s o personalitzaci\u00f3 de la p\u00e0gina.<\/p>\n<p>Les Cookies tamb\u00e9 poden ser utilitzades per a registrar informaci\u00f3 an\u00f2nima sobre com un visitant utilitza un lloc. Per exemple, des de quina p\u00e0gina Web ha accedit, o si ha utilitzat un &#8220;b\u00e0ner&#8221; publicitari per a arribar.<\/p>\n<\/div><div class=\"fusion-title title fusion-title-3 fusion-sep-none fusion-title-text fusion-title-size-three\" style=\"--awb-margin-top-small:0px;--awb-margin-right-small:0px;--awb-margin-bottom-small:20px;--awb-margin-left-small:0px;\"><h3 class=\"fusion-title-heading title-heading-left\" style=\"margin:0;\">Quin \u00fas li donem als diferents tipus de cookies?<\/h3><\/div><div class=\"fusion-text fusion-text-2\"><p>Segons la seva finalitat:<\/p>\n<\/div>\n<div class=\"table-1\">\n<table width=\"100%\">\n<thead>\n<tr>\n<th align=\"left\">Cookies t\u00e8cniques<\/th>\n<th align=\"left\"><span style=\"font-weight: 400;\">Les cookies t\u00e8cniques s\u00f3n aquelles faciliten la navegaci\u00f3 de l&#8217;usuari i la utilitzaci\u00f3 de les diferents opcions o serveis que ofereix la web com identificar la sessi\u00f3, permetre l&#8217;acc\u00e9s a determinades \u00e0rees, facilitar comandes, compres, emplenament de formularis, inscripcions, seguretat, facilitar funcionalitats (v\u00eddeos, xarxes socials\u2026).<\/span><\/th>\n<\/tr>\n<\/thead>\n<tbody>\n<tr>\n<td align=\"left\">Cookies de personalitzaci\u00f3<\/td>\n<td align=\"left\"><span style=\"font-weight: 400;\">Les cookies de personalitzaci\u00f3 permeten a l&#8217;usuari accedir als serveis segons les seves prefer\u00e8ncies (idioma, navegador, configuraci\u00f3\u2026).<\/span><\/p>\n<p><span style=\"font-weight: 400;\">Las cookies de personalitzaci\u00f3 permeten a l\u2019usuari. <\/span><\/td>\n<\/tr>\n<tr>\n<td align=\"left\">Cookies anal\u00edtiques<\/td>\n<td align=\"left\"><span style=\"font-weight: 400;\">Les cookies d&#8217;an\u00e0lisis s\u00f3n les utilitzades per a dur a terme l&#8217;an\u00e0lisi an\u00f2nima del comportament dels usuaris de la web i que permeten mesurar l&#8217;activitat de l&#8217;usuari i elaborar perfils de navegaci\u00f3 amb la fi objectiva de millorar els llocs web.<\/span><\/td>\n<\/tr>\n<tr>\n<td align=\"left\">Cookies publicit\u00e0ries<\/td>\n<td align=\"left\"><span style=\"font-weight: 400;\">Les cookies publicit\u00e0ries permeten la gesti\u00f3 dels espais publicitaris de la web. A m\u00e9s, aquestes cookies poden ser de publicitat personalitzada i permetre aix\u00ed la gesti\u00f3 dels espais publicitaris de la web sobre la base del comportament i h\u00e0bits de navegaci\u00f3 d&#8217;usuari, d&#8217;on s&#8217;obt\u00e9 el seu perfil i permeten personalitzar la publicitat que es mostra en el navegador de l&#8217;usuari o altres perfils i xarxes socials de l&#8217;usuari.<\/span><\/td>\n<\/tr>\n<\/tbody>\n<\/table>\n<\/div>\n<div class=\"fusion-text fusion-text-3\" style=\"--awb-margin-top:35px;\"><p>Segons el seu termini:<\/p>\n<\/div>\n<div class=\"table-1\">\n<table width=\"100%\">\n<thead>\n<tr>\n<th align=\"left\"><b>Cookies de sessi\u00f3<\/b><\/th>\n<th align=\"left\"><span style=\"font-weight: 400;\">Les cookies de sessi\u00f3 s\u00f3n aquelles que duren el temps que l&#8217;usuari est\u00e0 navegant per la p\u00e0gina Web i s&#8217;esborren en tancar el navegador.<\/span><\/th>\n<\/tr>\n<\/thead>\n<tbody>\n<tr>\n<td align=\"left\">Cookies persistents<\/td>\n<td align=\"left\"><span style=\"font-weight: 400;\">Aquestes cookies queden emmagatzemades en el terminal de l&#8217;usuari fins que s\u00f3n eliminades manualment o hagi concl\u00f2s el per\u00edode de durada establert per a aquesta cookie.<\/span><\/td>\n<\/tr>\n<\/tbody>\n<\/table>\n<\/div>\n<div class=\"fusion-text fusion-text-4\" style=\"--awb-margin-top:35px;\"><p>Segons la seva titularitat:<\/p>\n<\/div>\n<div class=\"table-1\">\n<table width=\"100%\">\n<thead>\n<tr>\n<th align=\"left\"><b>Cookies pr\u00f2pies\u00a0<\/b><\/th>\n<th align=\"left\"><span style=\"font-weight: 400;\">Aquelles que s&#8217;envien a l&#8217;equip terminal de l&#8217;usuari des d&#8217;un equip o domini gestionat pel propi editor i des del qual es presta el servei sol\u00b7licitat per l&#8217;usuari.<\/span><\/th>\n<\/tr>\n<\/thead>\n<tbody>\n<tr>\n<td align=\"left\">Cookies de tercers<\/td>\n<td align=\"left\"><span style=\"font-weight: 400;\">Aquelles que s&#8217;envien a l&#8217;equip terminal de l&#8217;usuari des d&#8217;un equip o domini que no \u00e9s gestionat per l&#8217;editor, sin\u00f3 per una altra entitat que tracta les dades obtingudes trav\u00e9s de les cookies.<\/span><\/td>\n<\/tr>\n<\/tbody>\n<\/table>\n<\/div>\n<div class=\"fusion-text fusion-text-5\" style=\"--awb-margin-top:35px;\"><p>La seg\u00fcent taula recull la classificaci\u00f3 i descripci\u00f3 de les cookies utilitzades en la present p\u00e0gina web perqu\u00e8 puguis identificar-les en el teu navegador:<\/p>\n<\/div>\n<div class=\"table-1\">\n<table width=\"100%\">\n<thead>\n<tr>\n<th align=\"left\">NOM<\/th>\n<th align=\"left\">TITULAR<\/th>\n<th align=\"left\">DADES RECAPTADES<\/th>\n<th align=\"left\">FINALITAT<\/th>\n<th align=\"left\">DURACI\u00d3<\/th>\n<\/tr>\n<\/thead>\n<tbody>\n<tr>\n<td align=\"left\">_ga<\/td>\n<td align=\"left\"><span style=\"font-weight: 400;\">Cookie de tercers<\/span><\/td>\n<td align=\"left\"><span style=\"font-weight: 400;\">Sessions dels visitants.<\/span><\/td>\n<td align=\"left\"><span style=\"font-weight: 400;\">Anal\u00edtica<\/span><\/td>\n<td align=\"left\"><span style=\"font-weight: 400;\">2 anys des del final de la \u00faltima visita.<\/span><\/td>\n<\/tr>\n<tr>\n<td align=\"left\">_gid<\/td>\n<td align=\"left\"><span style=\"font-weight: 400;\">Cookie de tercers<\/span><\/td>\n<td align=\"left\"><span style=\"font-weight: 400;\">Sessions dels visitants.<\/span><\/td>\n<td align=\"left\"><span style=\"font-weight: 400;\">Anal\u00edtica<\/span><\/td>\n<td align=\"left\"><span style=\"font-weight: 400;\">24 hores des del final de la \u00faltima visita.<\/span><\/td>\n<\/tr>\n<tr>\n<td align=\"left\">_gat<\/td>\n<td align=\"left\"><span style=\"font-weight: 400;\">Cookie de tercers<\/span><\/td>\n<td align=\"left\"><span style=\"font-weight: 400;\">Sessions dels visitants.<\/span><\/td>\n<td align=\"left\"><span style=\"font-weight: 400;\">Anal\u00edtica<\/span><\/td>\n<td align=\"left\"><span style=\"font-weight: 400;\">1 minut.<\/span><\/td>\n<\/tr>\n<tr>\n<td align=\"left\">wp-wpml_current_language<\/td>\n<td align=\"left\"><span style=\"font-weight: 400;\">Cookie pr\u00f2pia<\/span><\/td>\n<td align=\"left\">Sesi\u00f3n del visitante para funcionalidad interna de la web.<\/td>\n<td align=\"left\">T\u00e8cnica<\/td>\n<td align=\"left\">Al finalizar la sesi\u00f3n con el navegador<\/td>\n<\/tr>\n<tr>\n<td align=\"left\"><\/td>\n<td align=\"left\">Cookie de tercers<\/td>\n<td align=\"left\">Acceptaci\u00f3 de cookies<\/td>\n<td align=\"left\">T\u00e8cnica<\/td>\n<td align=\"left\">1 any<\/td>\n<\/tr>\n<tr>\n<td align=\"left\"><\/td>\n<td align=\"left\"><\/td>\n<td align=\"left\"><\/td>\n<td align=\"left\"><\/td>\n<td align=\"left\"><\/td>\n<\/tr>\n<tr>\n<td align=\"left\"><\/td>\n<td align=\"left\"><\/td>\n<td align=\"left\"><\/td>\n<td align=\"left\"><\/td>\n<td align=\"left\"><\/td>\n<\/tr>\n<tr>\n<td align=\"left\"><\/td>\n<td align=\"left\"><\/td>\n<td align=\"left\"><\/td>\n<td align=\"left\"><\/td>\n<td align=\"left\"><\/td>\n<\/tr>\n<tr>\n<td align=\"left\"><\/td>\n<td align=\"left\"><\/td>\n<td align=\"left\"><\/td>\n<td align=\"left\"><\/td>\n<td align=\"left\"><\/td>\n<\/tr>\n<tr>\n<td align=\"left\"><\/td>\n<td align=\"left\"><\/td>\n<td align=\"left\"><\/td>\n<td align=\"left\"><\/td>\n<td align=\"left\"><\/td>\n<\/tr>\n<tr>\n<td align=\"left\"><\/td>\n<td align=\"left\"><\/td>\n<td align=\"left\"><\/td>\n<td align=\"left\"><\/td>\n<td align=\"left\"><\/td>\n<\/tr>\n<tr>\n<td align=\"left\"><\/td>\n<td align=\"left\"><\/td>\n<td align=\"left\"><\/td>\n<td align=\"left\"><\/td>\n<td align=\"left\"><\/td>\n<\/tr>\n<tr>\n<td align=\"left\"><\/td>\n<td align=\"left\"><\/td>\n<td align=\"left\"><\/td>\n<td align=\"left\"><\/td>\n<td align=\"left\"><\/td>\n<\/tr>\n<tr>\n<td align=\"left\"><\/td>\n<td align=\"left\"><\/td>\n<td align=\"left\"><\/td>\n<td align=\"left\"><\/td>\n<td align=\"left\"><\/td>\n<\/tr>\n<tr>\n<td align=\"left\"><\/td>\n<td align=\"left\"><\/td>\n<td align=\"left\"><\/td>\n<td align=\"left\"><\/td>\n<td align=\"left\"><\/td>\n<\/tr>\n<tr>\n<td align=\"left\"><\/td>\n<td align=\"left\"><\/td>\n<td align=\"left\"><\/td>\n<td align=\"left\"><\/td>\n<td align=\"left\"><\/td>\n<\/tr>\n<tr>\n<td align=\"left\"><\/td>\n<td align=\"left\"><\/td>\n<td align=\"left\"><\/td>\n<td align=\"left\"><\/td>\n<td align=\"left\"><\/td>\n<\/tr>\n<tr>\n<td align=\"left\"><\/td>\n<td align=\"left\"><\/td>\n<td align=\"left\"><\/td>\n<td align=\"left\"><\/td>\n<td align=\"left\"><\/td>\n<\/tr>\n<tr>\n<td align=\"left\"><\/td>\n<td align=\"left\"><\/td>\n<td align=\"left\"><\/td>\n<td align=\"left\"><\/td>\n<td align=\"left\"><\/td>\n<\/tr>\n<tr>\n<td align=\"left\"><\/td>\n<td align=\"left\"><\/td>\n<td align=\"left\"><\/td>\n<td align=\"left\"><\/td>\n<td align=\"left\"><\/td>\n<\/tr>\n<tr>\n<td align=\"left\"><\/td>\n<td align=\"left\"><\/td>\n<td align=\"left\"><\/td>\n<td align=\"left\"><\/td>\n<td align=\"left\"><\/td>\n<\/tr>\n<tr>\n<td align=\"left\"><\/td>\n<td align=\"left\"><\/td>\n<td align=\"left\"><\/td>\n<td align=\"left\"><\/td>\n<td align=\"left\"><\/td>\n<\/tr>\n<tr>\n<td align=\"left\"><\/td>\n<td align=\"left\"><\/td>\n<td align=\"left\"><\/td>\n<td align=\"left\"><\/td>\n<td align=\"left\"><\/td>\n<\/tr>\n<tr>\n<td align=\"left\"><\/td>\n<td align=\"left\"><\/td>\n<td align=\"left\"><\/td>\n<td align=\"left\"><\/td>\n<td align=\"left\"><\/td>\n<\/tr>\n<tr>\n<td align=\"left\"><\/td>\n<td align=\"left\"><\/td>\n<td align=\"left\"><\/td>\n<td align=\"left\"><\/td>\n<td align=\"left\"><\/td>\n<\/tr>\n<tr>\n<td align=\"left\"><\/td>\n<td align=\"left\"><\/td>\n<td align=\"left\"><\/td>\n<td align=\"left\"><\/td>\n<td align=\"left\"><\/td>\n<\/tr>\n<tr>\n<td align=\"left\"><\/td>\n<td align=\"left\"><\/td>\n<td align=\"left\"><\/td>\n<td align=\"left\"><\/td>\n<td align=\"left\"><\/td>\n<\/tr>\n<tr>\n<td align=\"left\"><\/td>\n<td align=\"left\"><\/td>\n<td align=\"left\"><\/td>\n<td align=\"left\"><\/td>\n<td align=\"left\"><\/td>\n<\/tr>\n<tr>\n<td align=\"left\"><\/td>\n<td align=\"left\"><\/td>\n<td align=\"left\"><\/td>\n<td align=\"left\"><\/td>\n<td align=\"left\"><\/td>\n<\/tr>\n<tr>\n<td align=\"left\"><\/td>\n<td align=\"left\"><\/td>\n<td align=\"left\"><\/td>\n<td align=\"left\"><\/td>\n<td align=\"left\"><\/td>\n<\/tr>\n<tr>\n<td align=\"left\"><\/td>\n<td align=\"left\"><\/td>\n<td align=\"left\"><\/td>\n<td align=\"left\"><\/td>\n<td align=\"left\"><\/td>\n<\/tr>\n<tr>\n<td align=\"left\"><\/td>\n<td align=\"left\"><\/td>\n<td align=\"left\"><\/td>\n<td align=\"left\"><\/td>\n<td align=\"left\"><\/td>\n<\/tr>\n<tr>\n<td align=\"left\"><\/td>\n<td align=\"left\"><\/td>\n<td align=\"left\"><\/td>\n<td align=\"left\"><\/td>\n<td align=\"left\"><\/td>\n<\/tr>\n<tr>\n<td align=\"left\"><\/td>\n<td align=\"left\"><\/td>\n<td align=\"left\"><\/td>\n<td align=\"left\"><\/td>\n<td align=\"left\"><\/td>\n<\/tr>\n<tr>\n<td align=\"left\"><\/td>\n<td align=\"left\"><\/td>\n<td align=\"left\"><\/td>\n<td align=\"left\"><\/td>\n<td align=\"left\"><\/td>\n<\/tr>\n<\/tbody>\n<\/table>\n<\/div>\n<div class=\"fusion-text fusion-text-6\" style=\"--awb-margin-top:35px;\"><p><span style=\"font-weight: 400;\">Utilitza cookies t\u00e8cniques, de personalitzaci\u00f3, <\/span><span style=\"font-weight: 400;\">an\u00e0lisis (i publicit\u00e0ries) pr\u00f2pies i de tercers,<\/span><span style=\"font-weight: 400;\"> que tracten dades de connexi\u00f3 i\/o dispositiu, <\/span><span style=\"font-weight: 400;\">aix\u00ed com h\u00e0bits de navegaci\u00f3 per a finalitats estad\u00edstiques (i publicit\u00e0ries).<\/span><\/p>\n<p><span style=\"font-weight: 400;\">Per aix\u00f2, al accedir a la nostra web, en compliment de l\u2019article 22 de la Llei de Serveis de la Societat de la Informaci\u00f3 li hem sol\u00b7licitat el seu consentiment per al seu \u00fas. <\/span><\/p>\n<p><span style=\"font-weight: 400;\">El subministrament de dades personals a trav\u00e9s del nostre portal i el consentiment per a l\u2019\u00fas de cookies requereix una edat m\u00ednima de 14 anys i l\u2019acceptaci\u00f3 expressa de la nostra Pol\u00edtica de Privacitat. <\/span><\/p>\n<p>De totes maneres, li informem que pot activar o desactivar les cookies seguint les instruccions del seu navegador d\u2019Internet: <span style=\"font-weight: 400;\"><br \/>\n<\/span><\/p>\n<\/div>\n<div class=\"table-1\" style=\"--awb-margin-bottom:35px;\">\n<table width=\"100%\">\n<thead>\n<tr>\n<th align=\"left\"><b>Chrome<\/b><\/th>\n<th align=\"left\"><span style=\"font-weight: 400;\">Configuraci\u00f3 \ud83e\udc6a Mostrar opcions avan\u00e7ades \ud83e\udc6a Privacitat \ud83e\udc6a Configuraci\u00f3 de contingut.<\/span><\/th>\n<th align=\"left\"><a href=\"about:blank\"><span style=\"font-weight: 400;\">support.google.com<\/span><\/a><\/th>\n<\/tr>\n<\/thead>\n<tbody>\n<tr>\n<td align=\"left\"><b>Firefox<\/b><\/td>\n<td align=\"left\"><span style=\"font-weight: 400;\">Eines\ud83e\udc6a Opcions \ud83e\udc6a Privacitat \ud83e\udc6a Historial \ud83e\udc6a Configuraci\u00f3 Personalitzada.<\/span><\/td>\n<td align=\"left\"><a href=\"about:blank\"><span style=\"font-weight: 400;\">support.mozilla.org<\/span><\/a><\/td>\n<\/tr>\n<tr>\n<td align=\"left\"><b>Internet Explorer<\/b><\/td>\n<td align=\"left\"><span style=\"font-weight: 400;\">Eines \ud83e\udc6a Opcions d\u2019Internet \ud83e\udc6a Privacitat \ud83e\udc6a Configuraci\u00f3.<\/span><\/td>\n<td align=\"left\"><a href=\"about:blank\"><span style=\"font-weight: 400;\">windows.microsoft.com<\/span><\/a><\/td>\n<\/tr>\n<tr>\n<td align=\"left\"><b>Opera<\/b><\/td>\n<td align=\"left\"><span style=\"font-weight: 400;\">Eines <\/span><span style=\"font-weight: 400;\">\ud83e\udc6a<\/span><span style=\"font-weight: 400;\"> Prefer\u00e8ncies <\/span><span style=\"font-weight: 400;\">\ud83e\udc6a<\/span><span style=\"font-weight: 400;\"> Editar prefer\u00e8ncies <\/span><span style=\"font-weight: 400;\">\ud83e\udc6a<\/span><span style=\"font-weight: 400;\"> Cookies.<\/span><\/td>\n<td align=\"left\"><a href=\"http:\/\/www.opera.com\/help\/tutorials\/security\/cookies\/\"><span style=\"font-weight: 400;\">http:\/\/www.opera.com\/help\/tutorials\/security\/cookies\/<\/span><\/a><\/td>\n<\/tr>\n<tr>\n<td align=\"left\"><b>Safari<\/b><\/td>\n<td align=\"left\"><span style=\"font-weight: 400;\">Prefer\u00e8ncies \ud83e\udc6a Seguretat.<\/span><\/td>\n<td align=\"left\"><a href=\"http:\/\/www.apple.com\"><span style=\"font-weight: 400;\">http:\/\/www.apple.com<\/span><\/a><\/td>\n<\/tr>\n<tr>\n<td align=\"left\"><b>Edge<\/b><\/td>\n<td align=\"left\"><span style=\"font-weight: 400;\">Configuraci\u00f3 <\/span><span style=\"font-weight: 400;\">\ud83e\udc6a<\/span><span style=\"font-weight: 400;\"> Veure configuraci\u00f3 avan\u00e7ada <\/span><span style=\"font-weight: 400;\">\ud83e\udc6a<\/span><span style=\"font-weight: 400;\"> Privacitat i serveis <\/span><span style=\"font-weight: 400;\">\ud83e\udc6a<\/span><span style=\"font-weight: 400;\"> Cookies.<\/span><\/td>\n<td align=\"left\"><a href=\"https:\/\/privacy.microsoft.com\/es-es\/windows-10-microsoft-edge-and-privacy\"><span style=\"font-weight: 400;\">https:\/\/privacy.microsoft.com\/es-es\/windows-10-microsoft-edge-and-privacy<\/span><\/a><\/td>\n<\/tr>\n<\/tbody>\n<\/table>\n<\/div>\n<\/div><\/div><\/div><\/div>\n","protected":false},"excerpt":{"rendered":"","protected":false},"author":2,"featured_media":0,"parent":0,"menu_order":120,"comment_status":"closed","ping_status":"closed","template":"","meta":{"footnotes":""},"class_list":["post-1046","page","type-page","status-publish","hentry"],"yoast_head":"<!-- This site is optimized with the Yoast SEO plugin v27.5 - https:\/\/yoast.com\/product\/yoast-seo-wordpress\/ -->\n<title>Pol\u00edtica de cookies - Shiatsu Girona<\/title>\n<meta name=\"robots\" content=\"noindex, nofollow\" \/>\n<meta property=\"og:locale\" content=\"ca_ES\" \/>\n<meta property=\"og:type\" content=\"article\" \/>\n<meta property=\"og:title\" content=\"Pol\u00edtica de cookies - Shiatsu Girona\" \/>\n<meta property=\"og:url\" content=\"https:\/\/shiatsugirona.com\/ca\/politica-de-cookies\/\" \/>\n<meta property=\"og:site_name\" content=\"Shiatsu Girona\" \/>\n<meta property=\"article:modified_time\" content=\"2024-11-08T11:48:49+00:00\" \/>\n<meta name=\"twitter:card\" content=\"summary_large_image\" \/>\n<meta name=\"twitter:label1\" content=\"Temps estimat de lectura\" \/>\n\t<meta name=\"twitter:data1\" content=\"5 minuts\" \/>\n<script type=\"application\/ld+json\" class=\"yoast-schema-graph\">{\"@context\":\"https:\\\/\\\/schema.org\",\"@graph\":[{\"@type\":\"WebPage\",\"@id\":\"https:\\\/\\\/shiatsugirona.com\\\/ca\\\/politica-de-cookies\\\/\",\"url\":\"https:\\\/\\\/shiatsugirona.com\\\/ca\\\/politica-de-cookies\\\/\",\"name\":\"Pol\u00edtica de cookies - Shiatsu Girona\",\"isPartOf\":{\"@id\":\"https:\\\/\\\/shiatsugirona.com\\\/ca\\\/#website\"},\"datePublished\":\"2023-08-24T11:26:36+00:00\",\"dateModified\":\"2024-11-08T11:48:49+00:00\",\"breadcrumb\":{\"@id\":\"https:\\\/\\\/shiatsugirona.com\\\/ca\\\/politica-de-cookies\\\/#breadcrumb\"},\"inLanguage\":\"ca\",\"potentialAction\":[{\"@type\":\"ReadAction\",\"target\":[\"https:\\\/\\\/shiatsugirona.com\\\/ca\\\/politica-de-cookies\\\/\"]}]},{\"@type\":\"BreadcrumbList\",\"@id\":\"https:\\\/\\\/shiatsugirona.com\\\/ca\\\/politica-de-cookies\\\/#breadcrumb\",\"itemListElement\":[{\"@type\":\"ListItem\",\"position\":1,\"name\":\"Portada\",\"item\":\"https:\\\/\\\/shiatsugirona.com\\\/ca\\\/\"},{\"@type\":\"ListItem\",\"position\":2,\"name\":\"Pol\u00edtica de cookies\"}]},{\"@type\":\"WebSite\",\"@id\":\"https:\\\/\\\/shiatsugirona.com\\\/ca\\\/#website\",\"url\":\"https:\\\/\\\/shiatsugirona.com\\\/ca\\\/\",\"name\":\"Shiatsu Girona\",\"description\":\"Massatges i Benestar a Girona\",\"potentialAction\":[{\"@type\":\"SearchAction\",\"target\":{\"@type\":\"EntryPoint\",\"urlTemplate\":\"https:\\\/\\\/shiatsugirona.com\\\/ca\\\/?s={search_term_string}\"},\"query-input\":{\"@type\":\"PropertyValueSpecification\",\"valueRequired\":true,\"valueName\":\"search_term_string\"}}],\"inLanguage\":\"ca\"}]}<\/script>\n<!-- \/ Yoast SEO plugin. -->","yoast_head_json":{"title":"Pol\u00edtica de cookies - Shiatsu Girona","robots":{"index":"noindex","follow":"nofollow"},"og_locale":"ca_ES","og_type":"article","og_title":"Pol\u00edtica de cookies - Shiatsu Girona","og_url":"https:\/\/shiatsugirona.com\/ca\/politica-de-cookies\/","og_site_name":"Shiatsu Girona","article_modified_time":"2024-11-08T11:48:49+00:00","twitter_card":"summary_large_image","twitter_misc":{"Temps estimat de lectura":"5 minuts"},"schema":{"@context":"https:\/\/schema.org","@graph":[{"@type":"WebPage","@id":"https:\/\/shiatsugirona.com\/ca\/politica-de-cookies\/","url":"https:\/\/shiatsugirona.com\/ca\/politica-de-cookies\/","name":"Pol\u00edtica de cookies - Shiatsu Girona","isPartOf":{"@id":"https:\/\/shiatsugirona.com\/ca\/#website"},"datePublished":"2023-08-24T11:26:36+00:00","dateModified":"2024-11-08T11:48:49+00:00","breadcrumb":{"@id":"https:\/\/shiatsugirona.com\/ca\/politica-de-cookies\/#breadcrumb"},"inLanguage":"ca","potentialAction":[{"@type":"ReadAction","target":["https:\/\/shiatsugirona.com\/ca\/politica-de-cookies\/"]}]},{"@type":"BreadcrumbList","@id":"https:\/\/shiatsugirona.com\/ca\/politica-de-cookies\/#breadcrumb","itemListElement":[{"@type":"ListItem","position":1,"name":"Portada","item":"https:\/\/shiatsugirona.com\/ca\/"},{"@type":"ListItem","position":2,"name":"Pol\u00edtica de cookies"}]},{"@type":"WebSite","@id":"https:\/\/shiatsugirona.com\/ca\/#website","url":"https:\/\/shiatsugirona.com\/ca\/","name":"Shiatsu Girona","description":"Massatges i Benestar a Girona","potentialAction":[{"@type":"SearchAction","target":{"@type":"EntryPoint","urlTemplate":"https:\/\/shiatsugirona.com\/ca\/?s={search_term_string}"},"query-input":{"@type":"PropertyValueSpecification","valueRequired":true,"valueName":"search_term_string"}}],"inLanguage":"ca"}]}},"_links":{"self":[{"href":"https:\/\/shiatsugirona.com\/ca\/wp-json\/wp\/v2\/pages\/1046","targetHints":{"allow":["GET"]}}],"collection":[{"href":"https:\/\/shiatsugirona.com\/ca\/wp-json\/wp\/v2\/pages"}],"about":[{"href":"https:\/\/shiatsugirona.com\/ca\/wp-json\/wp\/v2\/types\/page"}],"author":[{"embeddable":true,"href":"https:\/\/shiatsugirona.com\/ca\/wp-json\/wp\/v2\/users\/2"}],"replies":[{"embeddable":true,"href":"https:\/\/shiatsugirona.com\/ca\/wp-json\/wp\/v2\/comments?post=1046"}],"version-history":[{"count":5,"href":"https:\/\/shiatsugirona.com\/ca\/wp-json\/wp\/v2\/pages\/1046\/revisions"}],"predecessor-version":[{"id":1368,"href":"https:\/\/shiatsugirona.com\/ca\/wp-json\/wp\/v2\/pages\/1046\/revisions\/1368"}],"wp:attachment":[{"href":"https:\/\/shiatsugirona.com\/ca\/wp-json\/wp\/v2\/media?parent=1046"}],"curies":[{"name":"wp","href":"https:\/\/api.w.org\/{rel}","templated":true}]}}