{"id":16,"date":"2015-03-12T14:10:33","date_gmt":"2015-03-12T14:10:33","guid":{"rendered":"https:\/\/avada.theme-fusion.com_demos\/lifestyle\/?page_id=16"},"modified":"2023-12-29T12:54:34","modified_gmt":"2023-12-29T12:54:34","slug":"qui-soc","status":"publish","type":"page","link":"https:\/\/shiatsugirona.com\/ca\/qui-soc\/","title":{"rendered":"Qui s\u00f3c"},"content":{"rendered":"<p><div class=\"fusion-fullwidth fullwidth-box fusion-builder-row-1 fusion-flex-container nonhundred-percent-fullwidth non-hundred-percent-height-scrolling\" style=\"--awb-background-position:left top;--awb-border-sizes-top:0px;--awb-border-sizes-bottom:0px;--awb-border-sizes-left:0px;--awb-border-sizes-right:0px;--awb-border-radius-top-left:0px;--awb-border-radius-top-right:0px;--awb-border-radius-bottom-right:0px;--awb-border-radius-bottom-left:0px;--awb-padding-top:65px;--awb-padding-bottom:65px;--awb-flex-wrap:wrap;\" ><div class=\"fusion-builder-row fusion-row fusion-flex-align-items-flex-start fusion-flex-content-wrap\" style=\"max-width:1216.8px;margin-left: calc(-4% \/ 2 );margin-right: calc(-4% \/ 2 );\"><div class=\"fusion-layout-column fusion_builder_column fusion-builder-column-0 fusion_builder_column_1_1 1_1 fusion-flex-column\" style=\"--awb-bg-blend:overlay;--awb-bg-size:cover;--awb-width-large:100%;--awb-margin-top-large:0px;--awb-spacing-right-large:1.92%;--awb-margin-bottom-large:45px;--awb-spacing-left-large:1.92%;--awb-width-medium:100%;--awb-spacing-right-medium:1.92%;--awb-spacing-left-medium:1.92%;--awb-width-small:100%;--awb-spacing-right-small:1.92%;--awb-spacing-left-small:1.92%;\"><div class=\"fusion-column-wrapper fusion-flex-justify-content-flex-start fusion-content-layout-column\"><div class=\"fusion-title title fusion-title-1 fusion-sep-none fusion-title-text fusion-title-size-two\" style=\"--awb-text-color:#353535;--awb-margin-bottom:20px;--awb-margin-top-small:0px;--awb-margin-right-small:0px;--awb-margin-bottom-small:20px;--awb-margin-left-small:0px;--awb-font-size:45px;\"><h2 class=\"fusion-title-heading title-heading-left\" style=\"margin:0;font-size:1em;\">Xavier San<\/h2><\/div><div class=\"fusion-title title fusion-title-2 fusion-sep-none fusion-title-text fusion-title-size-three\" style=\"--awb-text-color:#353535;--awb-margin-bottom:15px;--awb-margin-top-small:0px;--awb-margin-right-small:0px;--awb-margin-bottom-small:20px;--awb-margin-left-small:0px;\"><h3 class=\"fusion-title-heading title-heading-left\" style=\"margin:0;\"><span style=\"font-weight: 400;\">S\u00f3c en Xavier San nascut a Girona<\/span><\/h3><\/div><div class=\"fusion-separator fusion-full-width-sep\" style=\"align-self: center;margin-left: auto;margin-right: auto;margin-top:15px;width:100%;\"><\/div><div class=\"fusion-text fusion-text-1\" style=\"--awb-text-color:#353535;\"><p><span style=\"font-weight: 400;\">Vaig iniciar el meu cam\u00ed com a terapeuta el 2012. Un moment en el que el meu cos ja no gestoniava la crisi personal-exitencial-emocional.<\/span><\/p>\n<p><span style=\"font-weight: 400;\">Con\u00e8ixer millor el meu cos a trav\u00e9s de l\u2019estudi del shiatsu va ser el primer pas. He anat incorporant t\u00e8cniques per poder cuidar d&#8217;una manera harmoniosa COS, MENT i EMOCIONS.<\/span><\/p>\n<p><span style=\"font-weight: 400;\">Em considero un amant de la naturalesa i del animals. Em quedo fascinat contemplant el cel, el mar, el riu, les muntanyes i els \u00e9ssers que els habiten. <\/span><\/p>\n<p><span style=\"font-weight: 400;\">En el seu moment havia practicat arts marcials durant 10 anys. Ara mateix s\u00f3c practicant de taoyin, qiqong, taiji, meditaci\u00f3 i respiraci\u00f3 taoista\/xam\u00e0nica. Amb aquestes t\u00e8cniques em sento m\u00e9s fort f\u00edsica, mental i emocionalment. Tamb\u00e9 m\u2019encanta ballar i cantar. Gaudeixo d&#8217;un bon ap\u00e0t, d&#8217;una bona conversa i de riure.<\/span><\/p>\n<p><span style=\"font-weight: 400;\">M&#8217;agrada viatjar i con\u00e8ixer altres cultures, les diferents maneres d&#8217;entendre la vida i com la viuen. Els seus idiomes i el que expressa la seva llengua.<\/span><\/p>\n<p>He passat per diferents situacions personals que m\u2019han portat a ser la persona que avui t\u2019escriu aquestes l\u00ednies. De totes elles he apr\u00e8s i continuo aprenent a veure-les com una experi\u00e8ncia vital que utilitzo com impuls per un autoconeixament, aprenentatge i empoderament, per viure d\u2019una manera m\u00e9s amorosa, amable i coherent amb mi mateix i el meu entorn.<\/p>\n<\/div><div class=\"fusion-separator fusion-full-width-sep\" style=\"align-self: center;margin-left: auto;margin-right: auto;margin-top:15px;width:100%;\"><\/div><\/div><\/div><div class=\"fusion-layout-column fusion_builder_column fusion-builder-column-1 fusion_builder_column_1_2 1_2 fusion-flex-column\" style=\"--awb-bg-blend:overlay;--awb-bg-size:cover;--awb-width-large:50%;--awb-margin-top-large:0px;--awb-spacing-right-large:3.84%;--awb-margin-bottom-large:0px;--awb-spacing-left-large:3.84%;--awb-width-medium:100%;--awb-spacing-right-medium:1.92%;--awb-spacing-left-medium:1.92%;--awb-width-small:100%;--awb-spacing-right-small:1.92%;--awb-spacing-left-small:1.92%;\"><div class=\"fusion-column-wrapper fusion-flex-justify-content-flex-start fusion-content-layout-column\"><div class=\"fusion-image-element sm-text-align-center\" style=\"--awb-aspect-ratio:5 \/ 4;--awb-caption-title-font-family:var(--h2_typography-font-family);--awb-caption-title-font-weight:var(--h2_typography-font-weight);--awb-caption-title-font-style:var(--h2_typography-font-style);--awb-caption-title-size:var(--h2_typography-font-size);--awb-caption-title-transform:var(--h2_typography-text-transform);--awb-caption-title-line-height:var(--h2_typography-line-height);--awb-caption-title-letter-spacing:var(--h2_typography-letter-spacing);\"><span class=\" fusion-imageframe imageframe-none imageframe-1 hover-type-none has-aspect-ratio\"><img decoding=\"async\" width=\"1707\" height=\"2560\" title=\"Xavier San Color (15) (1)\" src=\"https:\/\/shiatsugirona.com\/wp-content\/uploads\/2023\/06\/Xavier-San-Color-15-1-scaled.jpg\" data-orig-src=\"https:\/\/shiatsugirona.com\/wp-content\/uploads\/2023\/06\/Xavier-San-Color-15-1-scaled.jpg\" class=\"lazyload img-responsive wp-image-864 img-with-aspect-ratio\" data-parent-fit=\"cover\" data-parent-container=\".fusion-image-element\" alt srcset=\"data:image\/svg+xml,%3Csvg%20xmlns%3D%27http%3A%2F%2Fwww.w3.org%2F2000%2Fsvg%27%20width%3D%271707%27%20height%3D%272560%27%20viewBox%3D%270%200%201707%202560%27%3E%3Crect%20width%3D%271707%27%20height%3D%272560%27%20fill-opacity%3D%220%22%2F%3E%3C%2Fsvg%3E\" data-srcset=\"https:\/\/shiatsugirona.com\/wp-content\/uploads\/2023\/06\/Xavier-San-Color-15-1-200x300.jpg 200w, https:\/\/shiatsugirona.com\/wp-content\/uploads\/2023\/06\/Xavier-San-Color-15-1-400x600.jpg 400w, https:\/\/shiatsugirona.com\/wp-content\/uploads\/2023\/06\/Xavier-San-Color-15-1-600x900.jpg 600w, https:\/\/shiatsugirona.com\/wp-content\/uploads\/2023\/06\/Xavier-San-Color-15-1-800x1200.jpg 800w, https:\/\/shiatsugirona.com\/wp-content\/uploads\/2023\/06\/Xavier-San-Color-15-1-1200x1800.jpg 1200w, https:\/\/shiatsugirona.com\/wp-content\/uploads\/2023\/06\/Xavier-San-Color-15-1-scaled.jpg 1707w\" data-sizes=\"auto\" data-orig-sizes=\"(max-width: 800px) 100vw, (max-width: 640px) 100vw, 600px\" \/><\/span><\/div><div class=\"fusion-separator fusion-full-width-sep\" style=\"align-self: center;margin-left: auto;margin-right: auto;margin-top:15px;width:100%;\"><\/div><\/div><\/div><div class=\"fusion-layout-column fusion_builder_column fusion-builder-column-2 fusion_builder_column_1_2 1_2 fusion-flex-column\" style=\"--awb-bg-blend:overlay;--awb-bg-size:cover;--awb-width-large:50%;--awb-margin-top-large:0px;--awb-spacing-right-large:3.84%;--awb-margin-bottom-large:0px;--awb-spacing-left-large:3.84%;--awb-width-medium:100%;--awb-spacing-right-medium:1.92%;--awb-spacing-left-medium:1.92%;--awb-width-small:100%;--awb-spacing-right-small:1.92%;--awb-spacing-left-small:1.92%;\"><div class=\"fusion-column-wrapper fusion-flex-justify-content-flex-start fusion-content-layout-column\"><div class=\"fusion-text fusion-text-2\" style=\"--awb-text-color:#353535;\"><p><b><span style=\"color: var(--awb-text-color); font-family: var(--awb-text-font-family); font-size: var(--awb-font-size); font-style: var(--awb-text-font-style); letter-spacing: var(--awb-letter-spacing); text-align: var(--awb-content-alignment); text-transform: var(--awb-text-transform); background-color: var(--awb-bg-color-hover);\">ETAPA FORMATIVA des del 2012:<\/span><br \/>\n<\/b><\/p>\n<p><span style=\"font-weight: 400;\">Format com a terapeuta Shiatsu, massatge facial Kobido i massatge Californi\u00e0. Actualment estic formant-me en medicina tradicional xinesa a ESMTC BCN. <\/span><\/p>\n<p><span style=\"font-weight: 400;\">Format com instructor de Taoyin KY al TAOCENTER. Actualment en formaci\u00f3 de Qiqong i Taiji <\/span><b>(<\/b><b>Yi Jin Jing \/ Ba Duan Jing \/ Wu Qin Xi \/ Lao Jia Yi Lu<\/b><span style=\"font-weight: 400;\">) <\/span><span style=\"font-weight: 400;\">amb el mestre Huang Hua.<\/span><\/p>\n<p><span style=\"font-weight: 400;\">Format en alimentaci\u00f3 nutritiva a FUSELLAS. Tamb\u00e9 he estudiat auriculoter\u00e0pia per a persones i animals a ACUPCAN \/ ESMTC. <\/span><\/p>\n<p><span style=\"font-weight: 400;\">Complemento les t\u00e8cniques terap\u00e8utiques amb <\/span><i><span style=\"font-weight: 400;\">Sotai-ho<\/span><\/i><span style=\"font-weight: 400;\">, <\/span><i><span style=\"font-weight: 400;\">Moxibusti\u00f3<\/span><\/i><span style=\"font-weight: 400;\">, <\/span><i><span style=\"font-weight: 400;\">Ventoses<\/span><\/i><span style=\"font-weight: 400;\">. Amb la pr\u00e0ctica i l&#8217;experi\u00e8ncia de les diferents formacions, he aconseguit, en les meus tractaments, aplicar una visi\u00f3 amplia. Tot est\u00e0 interrelacionat. Escoltar i con\u00e8ixer millor com el cos es comunica amb nosaltres i atendre les necessitats del COS \u2013 MENT \u2013ESS\u00c8NCIA.<\/span><\/p>\n<\/div><div class=\"fusion-separator fusion-full-width-sep\" style=\"align-self: center;margin-left: auto;margin-right: auto;margin-top:15px;width:100%;\"><\/div><\/div><\/div><\/div><\/div><div class=\"fusion-bg-parallax\" data-bg-align=\"center center\" data-direction=\"up\" data-mute=\"false\" data-opacity=\"100\" data-velocity=\"-0.2\" data-mobile-enabled=\"false\" data-break_parents=\"0\" data-bg-image=\"https:\/\/shiatsugirona.com\/wp-content\/uploads\/2015\/03\/WhatsApp-Image-2023-02-22-at-18.49.00.jpeg\" data-bg-repeat=\"false\" data-bg-gradient-type=\"linear\" data-bg-gradient-angle=\"180\" data-bg-gradient-start-color=\"rgba(0,0,0,0.24)\" data-bg-gradient-start-position=\"0\" data-bg-gradient-end-color=\"rgba(0,0,0,0.24)\" data-bg-gradient-end-position=\"100\" data-bg-radial-direction=\"center center\" ><\/div><div class=\"fusion-fullwidth fullwidth-box fusion-builder-row-2 fusion-flex-container fusion-parallax-up nonhundred-percent-fullwidth non-hundred-percent-height-scrolling lazyload\" style=\"--awb-border-sizes-top:0px;--awb-border-sizes-bottom:0px;--awb-border-sizes-left:0px;--awb-border-sizes-right:0px;--awb-border-radius-top-left:0px;--awb-border-radius-top-right:0px;--awb-border-radius-bottom-right:0px;--awb-border-radius-bottom-left:0px;--awb-padding-top:200px;--awb-padding-bottom:200px;--awb-padding-left:73px;--awb-padding-top-medium:120px;--awb-padding-bottom-medium:120px;--awb-background-image:linear-gradient(180deg, rgba(0,0,0,0.24) 0%,rgba(0,0,0,0.24) 100%);;--awb-background-size:cover;--awb-flex-wrap:wrap;\" data-bg=\"https:\/\/shiatsugirona.com\/wp-content\/uploads\/2015\/03\/WhatsApp-Image-2023-02-22-at-18.49.00.jpeg\" data-bg-gradient=\"linear-gradient(180deg, rgba(0,0,0,0.24) 0%,rgba(0,0,0,0.24) 100%)\" ><div class=\"fusion-builder-row fusion-row fusion-flex-align-items-flex-start fusion-flex-content-wrap\" style=\"max-width:calc( 1170px + 0px );margin-left: calc(-0px \/ 2 );margin-right: calc(-0px \/ 2 );\"><div class=\"fusion-layout-column fusion_builder_column fusion-builder-column-3 fusion_builder_column_2_3 2_3 fusion-flex-column\" style=\"--awb-bg-blend:overlay;--awb-bg-size:cover;--awb-width-large:66.666666666667%;--awb-margin-top-large:0px;--awb-spacing-right-large:0px;--awb-margin-bottom-large:0px;--awb-spacing-left-large:0px;--awb-width-medium:100%;--awb-spacing-right-medium:0px;--awb-spacing-left-medium:0px;--awb-width-small:100%;--awb-spacing-right-small:0px;--awb-spacing-left-small:0px;\"><div class=\"fusion-column-wrapper fusion-flex-justify-content-flex-start fusion-content-layout-column\"><div class=\"fusion-title title fusion-title-3 fusion-sep-none fusion-title-text fusion-title-size-two\" style=\"--awb-text-color:var(--awb-color1);--awb-margin-bottom:20px;--awb-margin-top-small:0px;--awb-margin-right-small:0px;--awb-margin-bottom-small:20px;--awb-margin-left-small:0px;--awb-font-size:45px;\"><h2 class=\"fusion-title-heading title-heading-left\" style=\"margin:0;font-size:1em;\">Inverteix en prevenir, no gastis en curar<\/h2><\/div><div class=\"fusion-title title fusion-title-4 fusion-sep-none fusion-title-text fusion-title-size-three\" style=\"--awb-text-color:var(--awb-color1);--awb-margin-bottom:20px;--awb-margin-top-small:0px;--awb-margin-right-small:0px;--awb-margin-bottom-small:20px;--awb-margin-left-small:0px;\"><h3 class=\"fusion-title-heading title-heading-left\" style=\"margin:0;\">Escull el teu servei de Shiatsu Girona<\/h3><\/div><div ><a class=\"fusion-button button-flat button-large button-custom fusion-button-default button-1 fusion-button-default-span \" style=\"--button_accent_color:var(--awb-color1);--button_accent_hover_color:var(--awb-color7);--button_border_hover_color:var(--awb-color3);--button_border_width-top:2px;--button_border_width-right:2px;--button_border_width-bottom:2px;--button_border_width-left:2px;--button_gradient_top_color:rgba(255,255,255,0);--button_gradient_bottom_color:rgba(255,255,255,0);--button_gradient_top_color_hover:var(--awb-color3);--button_gradient_bottom_color_hover:var(--awb-color3);--button_margin-top:16px;\" target=\"_self\" href=\"https:\/\/shiatsugirona.com\/ca\/contacte\/\"><span class=\"fusion-button-text awb-button__text awb-button__text--default\">Contacte<\/span><\/a><\/div><\/div><\/div><\/div><\/div><div class=\"fusion-fullwidth fullwidth-box fusion-builder-row-3 fusion-flex-container fusion-parallax-fixed nonhundred-percent-fullwidth non-hundred-percent-height-scrolling lazyload\" style=\"--awb-background-position:center bottom;--awb-border-sizes-top:0px;--awb-border-sizes-bottom:0px;--awb-border-sizes-left:0px;--awb-border-sizes-right:0px;--awb-border-radius-top-left:0px;--awb-border-radius-top-right:0px;--awb-border-radius-bottom-right:0px;--awb-border-radius-bottom-left:0px;--awb-padding-top:160px;--awb-padding-bottom:130px;--awb-background-image:linear-gradient(180deg, rgba(0,0,0,0.15) 0%,rgba(0,0,0,0.15) 100%);;--awb-background-size:cover;--awb-flex-wrap:wrap;background-attachment:fixed;\" data-bg=\"https:\/\/shiatsugirona.com\/wp-content\/uploads\/2023\/10\/centre-shiatsu-girona-2.jpg\" data-bg-gradient=\"linear-gradient(180deg, rgba(0,0,0,0.15) 0%,rgba(0,0,0,0.15) 100%)\" ><div class=\"fusion-builder-row fusion-row fusion-flex-align-items-flex-start fusion-flex-justify-content-center fusion-flex-content-wrap\" style=\"max-width:1216.8px;margin-left: calc(-4% \/ 2 );margin-right: calc(-4% \/ 2 );\"><div class=\"fusion-layout-column fusion_builder_column fusion-builder-column-4 fusion_builder_column_2_3 2_3 fusion-flex-column\" style=\"--awb-bg-blend:overlay;--awb-bg-size:cover;--awb-width-large:66.666666666667%;--awb-margin-top-large:0px;--awb-spacing-right-large:2.88%;--awb-margin-bottom-large:0px;--awb-spacing-left-large:2.88%;--awb-width-medium:100%;--awb-spacing-right-medium:1.92%;--awb-spacing-left-medium:1.92%;--awb-width-small:100%;--awb-spacing-right-small:1.92%;--awb-spacing-left-small:1.92%;\"><div class=\"fusion-column-wrapper fusion-flex-justify-content-flex-start fusion-content-layout-column\"><div class=\"fusion-testimonials clean awb-speech-bubble-show fusion-testimonials-1\" style=\"--awb-textcolor:var(--awb-color1);--awb-backgroundcolor:rgba(255,255,255,0);--awb-testimonial-border-style:solid;--awb-testimonial-border-color:var(--awb-color3);--awb-border-top-left-radius:0px;--awb-border-top-right-radius:0px;--awb-border-bottom-left-radius:0px;--awb-border-bottom-right-radius:0px;--testimonial-border-width-top:0px;--testimonial-border-width-right:0px;--testimonial-border-width-bottom:0px;--testimonial-border-width-left:0px;\" data-random=\"0\" data-speed=\"4000\"><div class=\"reviews\"><div class=\"review active-testimonial avatar-above no-avatar\"><blockquote class=\"testimonials-shortcode-blockquote\"><div class=\"awb-quote\"><div class=\"awb-quote-content\">\n<p>\u201cEn Xavi et cuida. Sense &#8220;nyonyeries&#8221;, sense envair, sense romanticisme ni malentesos. Ho fa sincera i profundament. Amb en Xavi, qui busqui la millor t\u00e8cnica amb Shiatsu, la trobar\u00e0. Qui busqui un moment de relax i evasi\u00f3, tamb\u00e9 ho trobar\u00e0. Per\u00f2 el m\u00e9s important de tot el que rebr\u00e0 en una sessi\u00f3 amb ell \u00e9s l&#8217;amor al cos. El respecte i la sinceritat pura d&#8217;un acte senzill i humil com \u00e9s tocar. Un acte que sana per si sol. &#8220;<\/p>\n<\/div><\/div><\/blockquote><div class=\"author\"><span class=\"company-name\"><strong>N\u00faria Palacin <\/strong><\/span><\/div><\/div><div class=\"review avatar-above no-avatar\"><blockquote class=\"testimonials-shortcode-blockquote\"><div class=\"awb-quote\"><div class=\"awb-quote-content\">\n<p>\u201cVaig quedar amb en Xavier un dia que havia dormit poqu\u00edssim. Potser un parell d&#8217;hores. Em va transportar a una altra dimensi\u00f3 (recordo que em va demanar que em gir\u00e9s i vaig continuar dormint). L&#8217;estona que vaig estar all\u00e0 va ser com si hagu\u00e9s passat tota la nit dormint. Vaig sortir renovat i amb les piles carregad\u00edssimes. A m\u00e9s, en Xavier cuida de tots els detalls i et fa sentir com si t&#8217;haguessis despla\u00e7at a la Xina de segles enrere. Gr\u00e0cies Xavier, \u00bfper quant la seg\u00fcent sessi\u00f3? \u00c9s f\u00e0cil acostumar-s&#8217;hi a aquest nivell de cuidats!&#8221;<\/p>\n<\/div><\/div><\/blockquote><div class=\"author\"><span class=\"company-name\"><strong>Ivan Valderrama<\/strong><\/span><\/div><\/div><\/div><div class=\"testimonial-pagination\" id=\"fusion-testimonials-1\"><a href=\"#\" aria-label=\"Testimonial Pagination\"  class=\"activeSlide\"><\/a><a href=\"#\" aria-label=\"Testimonial Pagination\" ><\/a><\/div><\/div><\/div><\/div><\/div><\/div><\/p>\n","protected":false},"excerpt":{"rendered":"","protected":false},"author":2,"featured_media":0,"parent":0,"menu_order":40,"comment_status":"closed","ping_status":"closed","template":"100-width.php","meta":{"footnotes":""},"class_list":["post-16","page","type-page","status-publish","hentry"],"yoast_head":"<!-- This site is optimized with the Yoast SEO plugin v27.5 - https:\/\/yoast.com\/product\/yoast-seo-wordpress\/ -->\n<title>Qui s\u00f3c - Shiatsu Girona<\/title>\n<meta name=\"robots\" content=\"index, follow, max-snippet:-1, max-image-preview:large, max-video-preview:-1\" \/>\n<link rel=\"canonical\" href=\"https:\/\/shiatsugirona.com\/ca\/qui-soc\/\" \/>\n<meta property=\"og:locale\" content=\"ca_ES\" \/>\n<meta property=\"og:type\" content=\"article\" \/>\n<meta property=\"og:title\" content=\"Qui s\u00f3c - Shiatsu Girona\" \/>\n<meta property=\"og:url\" content=\"https:\/\/shiatsugirona.com\/ca\/qui-soc\/\" \/>\n<meta property=\"og:site_name\" content=\"Shiatsu Girona\" \/>\n<meta property=\"article:modified_time\" content=\"2023-12-29T12:54:34+00:00\" \/>\n<meta name=\"twitter:card\" content=\"summary_large_image\" \/>\n<meta name=\"twitter:label1\" content=\"Temps estimat de lectura\" \/>\n\t<meta name=\"twitter:data1\" content=\"5 minuts\" \/>\n<script type=\"application\/ld+json\" class=\"yoast-schema-graph\">{\"@context\":\"https:\\\/\\\/schema.org\",\"@graph\":[{\"@type\":\"WebPage\",\"@id\":\"https:\\\/\\\/shiatsugirona.com\\\/ca\\\/qui-soc\\\/\",\"url\":\"https:\\\/\\\/shiatsugirona.com\\\/ca\\\/qui-soc\\\/\",\"name\":\"Qui s\u00f3c - Shiatsu Girona\",\"isPartOf\":{\"@id\":\"https:\\\/\\\/shiatsugirona.com\\\/ca\\\/#website\"},\"datePublished\":\"2015-03-12T14:10:33+00:00\",\"dateModified\":\"2023-12-29T12:54:34+00:00\",\"breadcrumb\":{\"@id\":\"https:\\\/\\\/shiatsugirona.com\\\/ca\\\/qui-soc\\\/#breadcrumb\"},\"inLanguage\":\"ca\",\"potentialAction\":[{\"@type\":\"ReadAction\",\"target\":[\"https:\\\/\\\/shiatsugirona.com\\\/ca\\\/qui-soc\\\/\"]}]},{\"@type\":\"BreadcrumbList\",\"@id\":\"https:\\\/\\\/shiatsugirona.com\\\/ca\\\/qui-soc\\\/#breadcrumb\",\"itemListElement\":[{\"@type\":\"ListItem\",\"position\":1,\"name\":\"Portada\",\"item\":\"https:\\\/\\\/shiatsugirona.com\\\/ca\\\/\"},{\"@type\":\"ListItem\",\"position\":2,\"name\":\"Qui s\u00f3c\"}]},{\"@type\":\"WebSite\",\"@id\":\"https:\\\/\\\/shiatsugirona.com\\\/ca\\\/#website\",\"url\":\"https:\\\/\\\/shiatsugirona.com\\\/ca\\\/\",\"name\":\"Shiatsu Girona\",\"description\":\"Massatges i Benestar a Girona\",\"potentialAction\":[{\"@type\":\"SearchAction\",\"target\":{\"@type\":\"EntryPoint\",\"urlTemplate\":\"https:\\\/\\\/shiatsugirona.com\\\/ca\\\/?s={search_term_string}\"},\"query-input\":{\"@type\":\"PropertyValueSpecification\",\"valueRequired\":true,\"valueName\":\"search_term_string\"}}],\"inLanguage\":\"ca\"}]}<\/script>\n<!-- \/ Yoast SEO plugin. -->","yoast_head_json":{"title":"Qui s\u00f3c - Shiatsu Girona","robots":{"index":"index","follow":"follow","max-snippet":"max-snippet:-1","max-image-preview":"max-image-preview:large","max-video-preview":"max-video-preview:-1"},"canonical":"https:\/\/shiatsugirona.com\/ca\/qui-soc\/","og_locale":"ca_ES","og_type":"article","og_title":"Qui s\u00f3c - Shiatsu Girona","og_url":"https:\/\/shiatsugirona.com\/ca\/qui-soc\/","og_site_name":"Shiatsu Girona","article_modified_time":"2023-12-29T12:54:34+00:00","twitter_card":"summary_large_image","twitter_misc":{"Temps estimat de lectura":"5 minuts"},"schema":{"@context":"https:\/\/schema.org","@graph":[{"@type":"WebPage","@id":"https:\/\/shiatsugirona.com\/ca\/qui-soc\/","url":"https:\/\/shiatsugirona.com\/ca\/qui-soc\/","name":"Qui s\u00f3c - Shiatsu Girona","isPartOf":{"@id":"https:\/\/shiatsugirona.com\/ca\/#website"},"datePublished":"2015-03-12T14:10:33+00:00","dateModified":"2023-12-29T12:54:34+00:00","breadcrumb":{"@id":"https:\/\/shiatsugirona.com\/ca\/qui-soc\/#breadcrumb"},"inLanguage":"ca","potentialAction":[{"@type":"ReadAction","target":["https:\/\/shiatsugirona.com\/ca\/qui-soc\/"]}]},{"@type":"BreadcrumbList","@id":"https:\/\/shiatsugirona.com\/ca\/qui-soc\/#breadcrumb","itemListElement":[{"@type":"ListItem","position":1,"name":"Portada","item":"https:\/\/shiatsugirona.com\/ca\/"},{"@type":"ListItem","position":2,"name":"Qui s\u00f3c"}]},{"@type":"WebSite","@id":"https:\/\/shiatsugirona.com\/ca\/#website","url":"https:\/\/shiatsugirona.com\/ca\/","name":"Shiatsu Girona","description":"Massatges i Benestar a Girona","potentialAction":[{"@type":"SearchAction","target":{"@type":"EntryPoint","urlTemplate":"https:\/\/shiatsugirona.com\/ca\/?s={search_term_string}"},"query-input":{"@type":"PropertyValueSpecification","valueRequired":true,"valueName":"search_term_string"}}],"inLanguage":"ca"}]}},"_links":{"self":[{"href":"https:\/\/shiatsugirona.com\/ca\/wp-json\/wp\/v2\/pages\/16","targetHints":{"allow":["GET"]}}],"collection":[{"href":"https:\/\/shiatsugirona.com\/ca\/wp-json\/wp\/v2\/pages"}],"about":[{"href":"https:\/\/shiatsugirona.com\/ca\/wp-json\/wp\/v2\/types\/page"}],"author":[{"embeddable":true,"href":"https:\/\/shiatsugirona.com\/ca\/wp-json\/wp\/v2\/users\/2"}],"replies":[{"embeddable":true,"href":"https:\/\/shiatsugirona.com\/ca\/wp-json\/wp\/v2\/comments?post=16"}],"version-history":[{"count":6,"href":"https:\/\/shiatsugirona.com\/ca\/wp-json\/wp\/v2\/pages\/16\/revisions"}],"predecessor-version":[{"id":1312,"href":"https:\/\/shiatsugirona.com\/ca\/wp-json\/wp\/v2\/pages\/16\/revisions\/1312"}],"wp:attachment":[{"href":"https:\/\/shiatsugirona.com\/ca\/wp-json\/wp\/v2\/media?parent=16"}],"curies":[{"name":"wp","href":"https:\/\/api.w.org\/{rel}","templated":true}]}}