{"id":1360,"date":"2015-03-12T14:10:33","date_gmt":"2015-03-12T14:10:33","guid":{"rendered":"https:\/\/shiatsugirona.com\/qui-soc\/"},"modified":"2024-01-02T14:13:00","modified_gmt":"2024-01-02T14:13:00","slug":"quien-soy","status":"publish","type":"page","link":"https:\/\/shiatsugirona.com\/es\/quien-soy\/","title":{"rendered":"Quien soy"},"content":{"rendered":"<p><div class=\"fusion-fullwidth fullwidth-box fusion-builder-row-1 fusion-flex-container nonhundred-percent-fullwidth non-hundred-percent-height-scrolling\" style=\"--awb-background-position:left top;--awb-border-sizes-top:0px;--awb-border-sizes-bottom:0px;--awb-border-sizes-left:0px;--awb-border-sizes-right:0px;--awb-border-radius-top-left:0px;--awb-border-radius-top-right:0px;--awb-border-radius-bottom-right:0px;--awb-border-radius-bottom-left:0px;--awb-padding-top:65px;--awb-padding-bottom:65px;--awb-flex-wrap:wrap;\" ><div class=\"fusion-builder-row fusion-row fusion-flex-align-items-flex-start fusion-flex-content-wrap\" style=\"max-width:1248px;margin-left: calc(-4% \/ 2 );margin-right: calc(-4% \/ 2 );\"><div class=\"fusion-layout-column fusion_builder_column fusion-builder-column-0 fusion_builder_column_1_1 1_1 fusion-flex-column\" style=\"--awb-bg-blend:overlay;--awb-bg-size:cover;--awb-width-large:100%;--awb-margin-top-large:0px;--awb-spacing-right-large:1.92%;--awb-margin-bottom-large:45px;--awb-spacing-left-large:1.92%;--awb-width-medium:100%;--awb-spacing-right-medium:1.92%;--awb-spacing-left-medium:1.92%;--awb-width-small:100%;--awb-spacing-right-small:1.92%;--awb-spacing-left-small:1.92%;\"><div class=\"fusion-column-wrapper fusion-flex-justify-content-flex-start fusion-content-layout-column\"><div class=\"fusion-title title fusion-title-1 fusion-sep-none fusion-title-text fusion-title-size-two\" style=\"--awb-text-color:#353535;--awb-margin-bottom:20px;--awb-margin-top-small:10px;--awb-margin-right-small:0px;--awb-margin-bottom-small:10px;--awb-margin-left-small:0px;--awb-font-size:45px;\"><h2 class=\"fusion-title-heading title-heading-left\" style=\"margin:0;font-size:1em;\">Xavier San<\/h2><\/div><div class=\"fusion-title title fusion-title-2 fusion-sep-none fusion-title-text fusion-title-size-three\" style=\"--awb-text-color:#353535;--awb-margin-top-small:10px;--awb-margin-right-small:0px;--awb-margin-bottom-small:10px;--awb-margin-left-small:0px;\"><h3 class=\"fusion-title-heading title-heading-left\" style=\"margin:0;\"><span style=\"font-weight: 400;\">Soy Xavier San nacido en Girona<\/span><\/h3><\/div><div class=\"fusion-separator fusion-full-width-sep\" style=\"align-self: center;margin-left: auto;margin-right: auto;margin-top:15px;width:100%;\"><\/div><div class=\"fusion-text fusion-text-1\" style=\"--awb-text-color:#353535;\"><p><span style=\"font-weight: 400;\">Inici\u00e9 mi camino como terapeuta en el 2012. Un momento en el que mi cuerpo ya no gestionaba la crisis personal-existencial-emocional en la que vivia.<\/span><\/p>\n<p><span style=\"font-weight: 400;\">Conocer mejor a mi cuerpo a trav\u00e9s del estudio del shiatsu fue el primer paso. He ido incorporando t\u00e9cnicas para poder cuidar de forma armoniosa CUERPO, MENTE y EMOCIONES.<\/span><\/p>\n<p><span style=\"font-weight: 400;\">Me considero un amante de la naturaleza y de los animales. Me quedo fascinado contemplando el cielo, el mar, el r\u00edo, las monta\u00f1as y los seres que los habitan. Escuchar el sonido del viento, de las olas del mar, el olor a tierra mojada, hierba reci\u00e9n cortada, sentir el viento y la lluvia en mi cara\u00a0<\/span><\/p>\n<p><span style=\"font-weight: 400;\">En su d\u00eda hab\u00eda practicado artes marciales durante 10 a\u00f1os. Ahora mismo soy practicante de taoyin, qiqong, taiji, meditaci\u00f3n y respiraci\u00f3n tao\u00edsta\/cham\u00e1nica. Con estas t\u00e9cnicas me siento m\u00e1s fuerte f\u00edsica, mental y emocionalmente. Tambi\u00e9n me encanta bailar y cantar. Disfruto de una buena comida, de una buena conversaci\u00f3n y de unas risas sinceras, y de la siesta tambi\u00e9n.<\/span><\/p>\n<p><span style=\"font-weight: 400;\">Me gusta viajar y conocer otras culturas, las diferentes formas de entender la vida y c\u00f3mo la viven. Sus idiomas y lo que expresa ese idioma.<\/span><\/p>\n<p><span style=\"font-weight: 400;\">He pasado por distintas situaciones personales que me han llevado a ser la persona que hoy te escribe estas l\u00edneas. De todas ellas he aprendido y sigo aprendiendo a verlas como una experiencia vital que utilizo como impulso por un autoconocimiento, aprendizaje y empoderamiento, para vivir de una forma m\u00e1s amorosa, amable y coherente conmigo mismo y mi entorno.<\/span><\/p>\n<\/div><div class=\"fusion-separator fusion-full-width-sep\" style=\"align-self: center;margin-left: auto;margin-right: auto;margin-top:15px;width:100%;\"><\/div><\/div><\/div><div class=\"fusion-layout-column fusion_builder_column fusion-builder-column-1 fusion_builder_column_1_2 1_2 fusion-flex-column\" style=\"--awb-bg-blend:overlay;--awb-bg-size:cover;--awb-width-large:50%;--awb-margin-top-large:0px;--awb-spacing-right-large:3.84%;--awb-margin-bottom-large:20px;--awb-spacing-left-large:3.84%;--awb-width-medium:100%;--awb-spacing-right-medium:1.92%;--awb-spacing-left-medium:1.92%;--awb-width-small:100%;--awb-spacing-right-small:1.92%;--awb-spacing-left-small:1.92%;\"><div class=\"fusion-column-wrapper fusion-flex-justify-content-flex-start fusion-content-layout-column\"><div class=\"fusion-image-element sm-text-align-center\" style=\"--awb-aspect-ratio:5 \/ 4;--awb-caption-title-font-family:var(--h2_typography-font-family);--awb-caption-title-font-weight:var(--h2_typography-font-weight);--awb-caption-title-font-style:var(--h2_typography-font-style);--awb-caption-title-size:var(--h2_typography-font-size);--awb-caption-title-transform:var(--h2_typography-text-transform);--awb-caption-title-line-height:var(--h2_typography-line-height);--awb-caption-title-letter-spacing:var(--h2_typography-letter-spacing);\"><span class=\" fusion-imageframe imageframe-none imageframe-1 hover-type-none has-aspect-ratio\"><img decoding=\"async\" width=\"1707\" height=\"2560\" title=\"Xavier San Color (15) (1)\" src=\"https:\/\/shiatsugirona.com\/wp-content\/uploads\/2023\/06\/Xavier-San-Color-15-1-scaled.jpg\" class=\"img-responsive wp-image-981 img-with-aspect-ratio\" data-parent-fit=\"cover\" data-parent-container=\".fusion-image-element\" alt srcset=\"https:\/\/shiatsugirona.com\/wp-content\/uploads\/2023\/06\/Xavier-San-Color-15-1-200x300.jpg 200w, https:\/\/shiatsugirona.com\/wp-content\/uploads\/2023\/06\/Xavier-San-Color-15-1-400x600.jpg 400w, https:\/\/shiatsugirona.com\/wp-content\/uploads\/2023\/06\/Xavier-San-Color-15-1-600x900.jpg 600w, https:\/\/shiatsugirona.com\/wp-content\/uploads\/2023\/06\/Xavier-San-Color-15-1-800x1200.jpg 800w, https:\/\/shiatsugirona.com\/wp-content\/uploads\/2023\/06\/Xavier-San-Color-15-1-1200x1800.jpg 1200w, https:\/\/shiatsugirona.com\/wp-content\/uploads\/2023\/06\/Xavier-San-Color-15-1-scaled.jpg 1707w\" sizes=\"(max-width: 640px) 100vw, 600px\" \/><\/span><\/div><div class=\"fusion-separator fusion-full-width-sep\" style=\"align-self: center;margin-left: auto;margin-right: auto;margin-top:15px;width:100%;\"><\/div><\/div><\/div><div class=\"fusion-layout-column fusion_builder_column fusion-builder-column-2 fusion_builder_column_1_2 1_2 fusion-flex-column\" style=\"--awb-bg-blend:overlay;--awb-bg-size:cover;--awb-width-large:50%;--awb-margin-top-large:0px;--awb-spacing-right-large:3.84%;--awb-margin-bottom-large:20px;--awb-spacing-left-large:3.84%;--awb-width-medium:100%;--awb-spacing-right-medium:1.92%;--awb-spacing-left-medium:1.92%;--awb-width-small:100%;--awb-spacing-right-small:1.92%;--awb-spacing-left-small:1.92%;\"><div class=\"fusion-column-wrapper fusion-flex-justify-content-flex-start fusion-content-layout-column\"><div class=\"fusion-text fusion-text-2\" style=\"--awb-text-color:#353535;\"><p><strong>ETAPA FORMATIVA desde 2012:<\/strong><\/p>\n<p><span style=\"font-weight: 400;\">Formado como terapeuta Shiatsu, masaje facial Kobido y masaje Californiano. Actualmente estoy form\u00e1ndome en medicina tradicional china en ESMTC BCN.<\/span><\/p>\n<p><span style=\"font-weight: 400;\">Formado como instructor de Taoyin KY en el TAOCENTER. Actualmente en formaci\u00f3n de Qiqong y Taiji<strong> (Yi Jin Jing\/Ba Duan Jing\/Wu Qin Xi\/Lao Jia Yi Lu)<\/strong> con el maestro Huang Hua.<\/span><\/p>\n<p><span style=\"font-weight: 400;\">Formado en alimentaci\u00f3n nutritiva en FUSELLAS. Tambi\u00e9n he estudiado auriculoterapia para personas y animales en ACUPCAN\/ESMTC.<\/span><\/p>\n<p><span style=\"font-weight: 400;\">Complemento las t\u00e9cnicas terap\u00e9uticas con Sotai-ho, Moxibusti\u00f3n, Ventosas. Con la pr\u00e1ctica y experiencia de las diferentes formaciones, he conseguido, en mis tratamientos, aplicar una visi\u00f3n amplia. Todo est\u00e1 interrelacionado. Escuchar y conocer mejor c\u00f3mo el cuerpo se comunica con nosotros y atender las necesidades del CUERPO \u2013 MENTE \u2013ESENCIA.<\/span><\/p>\n<\/div><div class=\"fusion-separator fusion-full-width-sep\" style=\"align-self: center;margin-left: auto;margin-right: auto;margin-top:15px;width:100%;\"><\/div><\/div><\/div><\/div><\/div><div class=\"fusion-bg-parallax\" data-bg-align=\"center center\" data-direction=\"up\" data-mute=\"false\" data-opacity=\"100\" data-velocity=\"-0.2\" data-mobile-enabled=\"false\" data-break_parents=\"0\" data-bg-image=\"https:\/\/shiatsugirona.com\/wp-content\/uploads\/2015\/03\/WhatsApp-Image-2023-02-22-at-18.49.00.jpeg\" data-bg-repeat=\"false\" data-bg-gradient-type=\"linear\" data-bg-gradient-angle=\"180\" data-bg-gradient-start-color=\"rgba(0,0,0,0.24)\" data-bg-gradient-start-position=\"0\" data-bg-gradient-end-color=\"rgba(0,0,0,0.24)\" data-bg-gradient-end-position=\"100\" data-bg-radial-direction=\"center center\" ><\/div><div class=\"fusion-fullwidth fullwidth-box fusion-builder-row-2 fusion-flex-container fusion-parallax-up nonhundred-percent-fullwidth non-hundred-percent-height-scrolling\" style=\"--awb-border-sizes-top:0px;--awb-border-sizes-bottom:0px;--awb-border-sizes-left:0px;--awb-border-sizes-right:0px;--awb-border-radius-top-left:0px;--awb-border-radius-top-right:0px;--awb-border-radius-bottom-right:0px;--awb-border-radius-bottom-left:0px;--awb-padding-top:200px;--awb-padding-bottom:200px;--awb-padding-left:73px;--awb-padding-top-medium:120px;--awb-padding-bottom-medium:120px;--awb-background-image:linear-gradient(180deg, rgba(0,0,0,0.24) 0%,rgba(0,0,0,0.24) 100%),url(https:\/\/shiatsugirona.com\/wp-content\/uploads\/2015\/03\/WhatsApp-Image-2023-02-22-at-18.49.00.jpeg);;--awb-background-size:cover;--awb-flex-wrap:wrap;\" ><div class=\"fusion-builder-row fusion-row fusion-flex-align-items-flex-start fusion-flex-content-wrap\" style=\"max-width:calc( 1200px + 0px );margin-left: calc(-0px \/ 2 );margin-right: calc(-0px \/ 2 );\"><div class=\"fusion-layout-column fusion_builder_column fusion-builder-column-3 fusion_builder_column_2_3 2_3 fusion-flex-column\" style=\"--awb-bg-blend:overlay;--awb-bg-size:cover;--awb-width-large:66.666666666667%;--awb-margin-top-large:0px;--awb-spacing-right-large:0px;--awb-margin-bottom-large:20px;--awb-spacing-left-large:0px;--awb-width-medium:66.666666666667%;--awb-spacing-right-medium:0px;--awb-spacing-left-medium:0px;--awb-width-small:100%;--awb-spacing-right-small:0px;--awb-spacing-left-small:0px;\"><div class=\"fusion-column-wrapper fusion-flex-justify-content-flex-start fusion-content-layout-column\"><div class=\"fusion-title title fusion-title-3 fusion-sep-none fusion-title-text fusion-title-size-two\" style=\"--awb-text-color:var(--awb-color1);--awb-margin-bottom:20px;--awb-margin-top-small:10px;--awb-margin-right-small:0px;--awb-margin-bottom-small:10px;--awb-margin-left-small:0px;--awb-font-size:45px;\"><h2 class=\"fusion-title-heading title-heading-left\" style=\"margin:0;font-size:1em;\"><span style=\"font-weight: 400;\">Invierte en prevenir, no gastes en curar<\/span><\/h2><\/div><div class=\"fusion-title title fusion-title-4 fusion-sep-none fusion-title-text fusion-title-size-three\" style=\"--awb-text-color:var(--awb-color1);--awb-margin-bottom:20px;--awb-margin-top-small:10px;--awb-margin-right-small:0px;--awb-margin-bottom-small:10px;--awb-margin-left-small:0px;\"><h3 class=\"fusion-title-heading title-heading-left\" style=\"margin:0;\"><span style=\"font-weight: 400;\">Elige tu servicio de Shiatsu Girona<\/span><\/h3><\/div><div ><a class=\"fusion-button button-flat button-large button-custom fusion-button-default button-1 fusion-button-default-span \" style=\"--button_accent_color:var(--awb-color1);--button_accent_hover_color:var(--awb-color7);--button_border_hover_color:var(--awb-color3);--button_border_width-top:2px;--button_border_width-right:2px;--button_border_width-bottom:2px;--button_border_width-left:2px;--button-border-radius-top-left:2px;--button-border-radius-top-right:2px;--button-border-radius-bottom-right:2px;--button-border-radius-bottom-left:2px;--button_gradient_top_color:rgba(255,255,255,0);--button_gradient_bottom_color:rgba(255,255,255,0);--button_gradient_top_color_hover:var(--awb-color3);--button_gradient_bottom_color_hover:var(--awb-color3);--button_margin-top:16px;\" target=\"_self\" href=\"https:\/\/shiatsugirona.com\/ca\/contacte\/\"><span class=\"fusion-button-text awb-button__text awb-button__text--default\">Contacte<\/span><\/a><\/div><\/div><\/div><\/div><\/div><div class=\"fusion-fullwidth fullwidth-box fusion-builder-row-3 fusion-flex-container fusion-parallax-fixed nonhundred-percent-fullwidth non-hundred-percent-height-scrolling\" style=\"--awb-background-position:center bottom;--awb-border-sizes-top:0px;--awb-border-sizes-bottom:0px;--awb-border-sizes-left:0px;--awb-border-sizes-right:0px;--awb-border-radius-top-left:0px;--awb-border-radius-top-right:0px;--awb-border-radius-bottom-right:0px;--awb-border-radius-bottom-left:0px;--awb-padding-top:160px;--awb-padding-bottom:130px;--awb-background-image:linear-gradient(180deg, rgba(0,0,0,0.15) 0%,rgba(0,0,0,0.15) 100%),url(https:\/\/shiatsugirona.com\/wp-content\/uploads\/2023\/10\/centre-shiatsu-girona-2.jpg);;--awb-background-size:cover;--awb-flex-wrap:wrap;background-attachment:fixed;\" ><div class=\"fusion-builder-row fusion-row fusion-flex-align-items-flex-start fusion-flex-justify-content-center fusion-flex-content-wrap\" style=\"max-width:1248px;margin-left: calc(-4% \/ 2 );margin-right: calc(-4% \/ 2 );\"><div class=\"fusion-layout-column fusion_builder_column fusion-builder-column-4 fusion_builder_column_2_3 2_3 fusion-flex-column\" style=\"--awb-bg-blend:overlay;--awb-bg-size:cover;--awb-width-large:66.666666666667%;--awb-margin-top-large:0px;--awb-spacing-right-large:2.88%;--awb-margin-bottom-large:20px;--awb-spacing-left-large:2.88%;--awb-width-medium:66.666666666667%;--awb-spacing-right-medium:2.88%;--awb-spacing-left-medium:2.88%;--awb-width-small:100%;--awb-spacing-right-small:1.92%;--awb-spacing-left-small:1.92%;\"><div class=\"fusion-column-wrapper fusion-flex-justify-content-flex-start fusion-content-layout-column\"><div class=\"fusion-testimonials clean awb-speech-bubble-show fusion-testimonials-1\" style=\"--awb-textcolor:var(--awb-color1);--awb-backgroundcolor:rgba(255,255,255,0);--awb-testimonial-border-style:solid;--awb-testimonial-border-color:var(--awb-color3);--awb-border-top-left-radius:0px;--awb-border-top-right-radius:0px;--awb-border-bottom-left-radius:0px;--awb-border-bottom-right-radius:0px;--testimonial-border-width-top:0px;--testimonial-border-width-right:0px;--testimonial-border-width-bottom:0px;--testimonial-border-width-left:0px;\" data-random=\"0\" data-speed=\"4000\"><div class=\"reviews\"><div class=\"review active-testimonial avatar-above no-avatar\"><blockquote class=\"testimonials-shortcode-blockquote\"><div class=\"awb-quote\"><div class=\"awb-quote-content\">\n<p>\u201cEn Xavi et cuida. Sense \u00abnyonyeries\u00bb, sense envair, sense romanticisme ni malentesos. Ho fa sincera i profundament. Amb en Xavi, qui busqui la millor t\u00e8cnica amb Shiatsu, la trobar\u00e0. Qui busqui un moment de relax i evasi\u00f3, tamb\u00e9 ho trobar\u00e0. Per\u00f2 el m\u00e9s important de tot el que rebr\u00e0 en una sessi\u00f3 amb ell \u00e9s l&#8217;amor al cos. El respecte i la sinceritat pura d&#8217;un acte senzill i humil com \u00e9s tocar. Un acte que sana per si sol. \u00bb<\/p>\n<\/div><\/div><\/blockquote><div class=\"author\"><span class=\"company-name\"><strong>N\u00faria Palacin <\/strong><\/span><\/div><\/div><div class=\"review avatar-above no-avatar\"><blockquote class=\"testimonials-shortcode-blockquote\"><div class=\"awb-quote\"><div class=\"awb-quote-content\">\n<p>\u201cVaig quedar amb en Xavier un dia que havia dormit poqu\u00edssim. Potser un parell d&#8217;hores. Em va transportar a una altra dimensi\u00f3 (recordo que em va demanar que em gir\u00e9s i vaig continuar dormint). L&#8217;estona que vaig estar all\u00e0 va ser com si hagu\u00e9s passat tota la nit dormint. Vaig sortir renovat i amb les piles carregad\u00edssimes. A m\u00e9s, en Xavier cuida de tots els detalls i et fa sentir com si t&#8217;haguessis despla\u00e7at a la Xina de segles enrere. Gr\u00e0cies Xavier, \u00bfper quant la seg\u00fcent sessi\u00f3? \u00c9s f\u00e0cil acostumar-s&#8217;hi a aquest nivell de cuidats!\u00bb<\/p>\n<\/div><\/div><\/blockquote><div class=\"author\"><span class=\"company-name\"><strong>Ivan Valderrama<\/strong><\/span><\/div><\/div><\/div><div class=\"testimonial-pagination\" id=\"fusion-testimonials-1\"><a href=\"#\" aria-label=\"Testimonial Pagination\"  class=\"activeSlide\"><\/a><a href=\"#\" aria-label=\"Testimonial Pagination\" ><\/a><\/div><\/div><\/div><\/div><\/div><\/div><\/p>\n","protected":false},"excerpt":{"rendered":"","protected":false},"author":2,"featured_media":0,"parent":0,"menu_order":40,"comment_status":"closed","ping_status":"closed","template":"100-width.php","meta":{"footnotes":""},"class_list":["post-1360","page","type-page","status-publish","hentry"],"yoast_head":"<!-- This site is optimized with the Yoast SEO plugin v27.5 - https:\/\/yoast.com\/product\/yoast-seo-wordpress\/ -->\n<title>Quien soy - Shiatsu Girona<\/title>\n<meta name=\"robots\" content=\"index, follow, max-snippet:-1, max-image-preview:large, max-video-preview:-1\" \/>\n<link rel=\"canonical\" href=\"https:\/\/shiatsugirona.com\/es\/quien-soy\/\" \/>\n<meta property=\"og:locale\" content=\"es_ES\" \/>\n<meta property=\"og:type\" content=\"article\" \/>\n<meta property=\"og:title\" content=\"Quien soy - Shiatsu Girona\" \/>\n<meta property=\"og:url\" content=\"https:\/\/shiatsugirona.com\/es\/quien-soy\/\" \/>\n<meta property=\"og:site_name\" content=\"Shiatsu Girona\" \/>\n<meta property=\"article:modified_time\" content=\"2024-01-02T14:13:00+00:00\" \/>\n<meta name=\"twitter:card\" content=\"summary_large_image\" \/>\n<meta name=\"twitter:label1\" content=\"Tiempo de lectura\" \/>\n\t<meta name=\"twitter:data1\" content=\"3 minutos\" \/>\n<script type=\"application\/ld+json\" class=\"yoast-schema-graph\">{\"@context\":\"https:\\\/\\\/schema.org\",\"@graph\":[{\"@type\":\"WebPage\",\"@id\":\"https:\\\/\\\/shiatsugirona.com\\\/es\\\/quien-soy\\\/\",\"url\":\"https:\\\/\\\/shiatsugirona.com\\\/es\\\/quien-soy\\\/\",\"name\":\"Quien soy - Shiatsu Girona\",\"isPartOf\":{\"@id\":\"https:\\\/\\\/shiatsugirona.com\\\/es\\\/#website\"},\"datePublished\":\"2015-03-12T14:10:33+00:00\",\"dateModified\":\"2024-01-02T14:13:00+00:00\",\"breadcrumb\":{\"@id\":\"https:\\\/\\\/shiatsugirona.com\\\/es\\\/quien-soy\\\/#breadcrumb\"},\"inLanguage\":\"es\",\"potentialAction\":[{\"@type\":\"ReadAction\",\"target\":[\"https:\\\/\\\/shiatsugirona.com\\\/es\\\/quien-soy\\\/\"]}]},{\"@type\":\"BreadcrumbList\",\"@id\":\"https:\\\/\\\/shiatsugirona.com\\\/es\\\/quien-soy\\\/#breadcrumb\",\"itemListElement\":[{\"@type\":\"ListItem\",\"position\":1,\"name\":\"Portada\",\"item\":\"https:\\\/\\\/shiatsugirona.com\\\/es\\\/\"},{\"@type\":\"ListItem\",\"position\":2,\"name\":\"Quien soy\"}]},{\"@type\":\"WebSite\",\"@id\":\"https:\\\/\\\/shiatsugirona.com\\\/es\\\/#website\",\"url\":\"https:\\\/\\\/shiatsugirona.com\\\/es\\\/\",\"name\":\"Shiatsu Girona\",\"description\":\"Massatges i Benestar a Girona\",\"potentialAction\":[{\"@type\":\"SearchAction\",\"target\":{\"@type\":\"EntryPoint\",\"urlTemplate\":\"https:\\\/\\\/shiatsugirona.com\\\/es\\\/?s={search_term_string}\"},\"query-input\":{\"@type\":\"PropertyValueSpecification\",\"valueRequired\":true,\"valueName\":\"search_term_string\"}}],\"inLanguage\":\"es\"}]}<\/script>\n<!-- \/ Yoast SEO plugin. -->","yoast_head_json":{"title":"Quien soy - Shiatsu Girona","robots":{"index":"index","follow":"follow","max-snippet":"max-snippet:-1","max-image-preview":"max-image-preview:large","max-video-preview":"max-video-preview:-1"},"canonical":"https:\/\/shiatsugirona.com\/es\/quien-soy\/","og_locale":"es_ES","og_type":"article","og_title":"Quien soy - Shiatsu Girona","og_url":"https:\/\/shiatsugirona.com\/es\/quien-soy\/","og_site_name":"Shiatsu Girona","article_modified_time":"2024-01-02T14:13:00+00:00","twitter_card":"summary_large_image","twitter_misc":{"Tiempo de lectura":"3 minutos"},"schema":{"@context":"https:\/\/schema.org","@graph":[{"@type":"WebPage","@id":"https:\/\/shiatsugirona.com\/es\/quien-soy\/","url":"https:\/\/shiatsugirona.com\/es\/quien-soy\/","name":"Quien soy - Shiatsu Girona","isPartOf":{"@id":"https:\/\/shiatsugirona.com\/es\/#website"},"datePublished":"2015-03-12T14:10:33+00:00","dateModified":"2024-01-02T14:13:00+00:00","breadcrumb":{"@id":"https:\/\/shiatsugirona.com\/es\/quien-soy\/#breadcrumb"},"inLanguage":"es","potentialAction":[{"@type":"ReadAction","target":["https:\/\/shiatsugirona.com\/es\/quien-soy\/"]}]},{"@type":"BreadcrumbList","@id":"https:\/\/shiatsugirona.com\/es\/quien-soy\/#breadcrumb","itemListElement":[{"@type":"ListItem","position":1,"name":"Portada","item":"https:\/\/shiatsugirona.com\/es\/"},{"@type":"ListItem","position":2,"name":"Quien soy"}]},{"@type":"WebSite","@id":"https:\/\/shiatsugirona.com\/es\/#website","url":"https:\/\/shiatsugirona.com\/es\/","name":"Shiatsu Girona","description":"Massatges i Benestar a Girona","potentialAction":[{"@type":"SearchAction","target":{"@type":"EntryPoint","urlTemplate":"https:\/\/shiatsugirona.com\/es\/?s={search_term_string}"},"query-input":{"@type":"PropertyValueSpecification","valueRequired":true,"valueName":"search_term_string"}}],"inLanguage":"es"}]}},"_links":{"self":[{"href":"https:\/\/shiatsugirona.com\/es\/wp-json\/wp\/v2\/pages\/1360","targetHints":{"allow":["GET"]}}],"collection":[{"href":"https:\/\/shiatsugirona.com\/es\/wp-json\/wp\/v2\/pages"}],"about":[{"href":"https:\/\/shiatsugirona.com\/es\/wp-json\/wp\/v2\/types\/page"}],"author":[{"embeddable":true,"href":"https:\/\/shiatsugirona.com\/es\/wp-json\/wp\/v2\/users\/2"}],"replies":[{"embeddable":true,"href":"https:\/\/shiatsugirona.com\/es\/wp-json\/wp\/v2\/comments?post=1360"}],"version-history":[{"count":2,"href":"https:\/\/shiatsugirona.com\/es\/wp-json\/wp\/v2\/pages\/1360\/revisions"}],"predecessor-version":[{"id":1361,"href":"https:\/\/shiatsugirona.com\/es\/wp-json\/wp\/v2\/pages\/1360\/revisions\/1361"}],"wp:attachment":[{"href":"https:\/\/shiatsugirona.com\/es\/wp-json\/wp\/v2\/media?parent=1360"}],"curies":[{"name":"wp","href":"https:\/\/api.w.org\/{rel}","templated":true}]}}