{"id":1363,"date":"2023-08-24T11:24:33","date_gmt":"2023-08-24T11:24:33","guid":{"rendered":"https:\/\/shiatsugirona.com\/avis-legal\/"},"modified":"2024-11-08T11:49:24","modified_gmt":"2024-11-08T11:49:24","slug":"aviso-legal","status":"publish","type":"page","link":"https:\/\/shiatsugirona.com\/es\/aviso-legal\/","title":{"rendered":"Aviso Legal"},"content":{"rendered":"<div class=\"fusion-fullwidth fullwidth-box fusion-builder-row-1 fusion-flex-container nonhundred-percent-fullwidth non-hundred-percent-height-scrolling\" style=\"--awb-border-radius-top-left:0px;--awb-border-radius-top-right:0px;--awb-border-radius-bottom-right:0px;--awb-border-radius-bottom-left:0px;--awb-flex-wrap:wrap;\" ><div class=\"fusion-builder-row fusion-row fusion-flex-align-items-flex-start fusion-flex-content-wrap\" style=\"max-width:1248px;margin-left: calc(-4% \/ 2 );margin-right: calc(-4% \/ 2 );\"><div class=\"fusion-layout-column fusion_builder_column fusion-builder-column-0 fusion_builder_column_1_1 1_1 fusion-flex-column\" style=\"--awb-bg-blend:overlay;--awb-bg-size:cover;--awb-width-large:100%;--awb-margin-top-large:0px;--awb-spacing-right-large:1.92%;--awb-margin-bottom-large:0px;--awb-spacing-left-large:1.92%;--awb-width-medium:100%;--awb-spacing-right-medium:1.92%;--awb-spacing-left-medium:1.92%;--awb-width-small:100%;--awb-spacing-right-small:1.92%;--awb-spacing-left-small:1.92%;\"><div class=\"fusion-column-wrapper fusion-flex-justify-content-flex-start fusion-content-layout-column\"><div class=\"fusion-title title fusion-title-1 fusion-sep-none fusion-title-text fusion-title-size-one\" style=\"--awb-margin-bottom:30px;--awb-margin-top-small:10px;--awb-margin-right-small:0px;--awb-margin-bottom-small:10px;--awb-margin-left-small:0px;\"><h1 class=\"fusion-title-heading title-heading-left\" style=\"margin:0;\">Aviso Legal<\/h1><\/div><div class=\"fusion-text fusion-text-1\"><p>Esta p\u00e1gina Web es propiedad de XAVIER SAN I DALMAU, con NIF n\u00ba 40341396V y domicilio en C\/ Sant Gregori 130 ( 17007 Girona ).<\/p>\n<p>Para cualquier consulta o propuesta, cont\u00e1ctenos llamando al tel\u00e9fono 620 84 66 11 o al e-mail xavier.shiatsu@gmail.com.<\/p>\n<p>Esta p\u00e1gina web se rige por la normativa exclusivamente aplicable en Espa\u00f1a, quedando sometida tanto nacionales como extranjeros que utilicen esta web.<\/p>\n<p>El acceso a nuestra p\u00e1gina web por parte de la PERSONA USUARIA es gratuito y su uso se rige por las condiciones de uso vigentes en el momento del acceso, que rogamos lea detenidamente. Si la PERSONA USUARIA no estuviera de acuerdo con las presentes condiciones de uso, deber\u00e1 abstenerse de utilizar este portal y operar por medio del mismo, pudiendo contactar con nosotros para que le resuelvamos cualquier duda en relaci\u00f3n con \u00e9stas.<\/p>\n<p>El suministro de datos personales y la compra de productos a trav\u00e9s de nuestro portal requiere una edad m\u00ednima de 14 a\u00f1os, o en su caso, disponer de capacidad jur\u00eddica suficiente para contratar.<\/p>\n<p>En cualquier momento podremos modificar la presentaci\u00f3n y configuraci\u00f3n de nuestra web, ampliar o reducir servicios, e incluso suprimirla de la red, as\u00ed como los servicios y contenidos prestados.<\/p>\n<\/div><div class=\"fusion-title title fusion-title-2 fusion-sep-none fusion-title-text fusion-title-size-three\" style=\"--awb-margin-top-small:10px;--awb-margin-right-small:0px;--awb-margin-bottom-small:10px;--awb-margin-left-small:0px;\"><h3 class=\"fusion-title-heading title-heading-left\" style=\"margin:0;\">A. PROPIEDAD INTELECTUAL<\/h3><\/div><div class=\"fusion-text fusion-text-2\"><p>Todos los contenidos, textos, im\u00e1genes y c\u00f3digos fuente son propiedad de XAVIER SAN I DALMAU o de terceros a los que se les han adquirido sus derechos de explotaci\u00f3n y est\u00e1n protegidos por los derechos de propiedad intelectual e industrial.<\/p>\n<p>La PERSONA USUARIA \u00fanicamente tiene derecho a un uso privado de los mismos, sin \u00e1nimo de lucro, y necesita autorizaci\u00f3n expresa para modificarlos, reproducirlos, explotarlos, distribuirlos o ejercer cualquier derecho perteneciente al titular.<\/p>\n<p>XAVIER SAN I DALMAU es una marca registrada, estando prohibida su reproducci\u00f3n, imitaci\u00f3n, utilizaci\u00f3n o inserci\u00f3n de estas marcas sin nuestra debida autorizaci\u00f3n.<\/p>\n<p>El establecimiento de enlaces a nuestro portal no le confiere ning\u00fan derecho. Asimismo, el mero hecho de establecer un enlace a nuestra p\u00e1gina web no da derecho a otorgarse la categor\u00eda de colaborador o socio.<\/p>\n<p>XAVIER SAN I DALMAU queda exonerado de responsabilidad por cualquier reclamaci\u00f3n respecto a los derechos de propiedad intelectual de los art\u00edculos e im\u00e1genes publicadas por terceros en el portal.<\/p>\n<p>Est\u00e1 absolutamente prohibida la imitaci\u00f3n ya sea total o parcial de nuestro portal o el establecimiento de enlaces a nuestra p\u00e1gina web sin la previa autorizaci\u00f3n de XAVIER SAN I DALMAU.<\/p>\n<\/div><div class=\"fusion-title title fusion-title-3 fusion-sep-none fusion-title-text fusion-title-size-three\" style=\"--awb-margin-top-small:10px;--awb-margin-right-small:0px;--awb-margin-bottom-small:10px;--awb-margin-left-small:0px;\"><h3 class=\"fusion-title-heading title-heading-left\" style=\"margin:0;\">B. CONDICIONES DE ACCESO Y USO<\/h3><\/div><div class=\"fusion-text fusion-text-3\"><p>El acceso a nuestra p\u00e1gina web es gratuito y no exige suscripci\u00f3n o registro previo. Sin embargo, determinados servicios son de acceso restringido a determinadas PERSONAS USUARIAS y requieren haber realizado un proceso de registro y\/o la identificaci\u00f3n mediante contrase\u00f1as. Estos servicios quedar\u00e1n debidamente identificados en la Web.<\/p>\n<p>El env\u00edo de datos personales implica la aceptaci\u00f3n expresa por parte de la PERSONA USUARIA de nuestra pol\u00edtica de privacidad.<\/p>\n<p>La PERSONA USUARIA debe acceder a nuestra p\u00e1gina Web de acuerdo con la buena fe, las normas de orden p\u00fablico y las presentes Condiciones Generales de uso. El acceso a nuestro sitio web se realiza bajo la propia y exclusiva responsabilidad de la PERSONA USUARIA, que responder\u00e1 en todo caso de los da\u00f1os y perjuicios que pueda causar a terceros oa nosotros mismos.<\/p>\n<p>La PERSONA USUARIA tiene expresamente prohibida la utilizaci\u00f3n y obtenci\u00f3n de los servicios, productos y contenidos ofrecidos en la presente p\u00e1gina web, por procedimientos distintos de los estipulados en las presentes condiciones de uso y, en su caso, en las condiciones particulares que regulen el adquisici\u00f3n de determinados productos.<\/p>\n<p>La PERSONA USUARIA tiene prohibido cualquier tipo de acci\u00f3n sobre nuestro portal que origine una excesiva sobrecarga de funcionamiento en nuestros sistemas inform\u00e1ticos, as\u00ed como la introducci\u00f3n de virus, o instalaci\u00f3n de robots, o software que altere el normal funcionamiento de nuestra web , o en definitiva pueda causar da\u00f1os a nuestros sistemas inform\u00e1ticos.<\/p>\n<p>Teniendo en cuenta la dificultad de control respecto a la informaci\u00f3n, contenidos y servicios que contengan p\u00e1ginas web de terceros disponibles desde nuestra p\u00e1gina web, le comunicamos que XAVIER SAN I DALMAU, no se hace responsable, sin perjuicio de que intentar\u00e1, en la medida de lo posible, velar por su legalidad.<\/p>\n<p>XAVIER SAN I DALMAU se reserva el derecho a dar de baja a cualquier PERSONA USUARIA que la organizaci\u00f3n entienda que ha vulnerado las condiciones que rigen el uso de nuestra p\u00e1gina web. Asimismo, se reserva el derecho de ejercitar las acciones legales oportunas contra aquellos que vulneren estas condiciones generales de uso.<\/p>\n<\/div><div class=\"fusion-title title fusion-title-4 fusion-sep-none fusion-title-text fusion-title-size-three\" style=\"--awb-margin-top-small:10px;--awb-margin-right-small:0px;--awb-margin-bottom-small:10px;--awb-margin-left-small:0px;\"><h3 class=\"fusion-title-heading title-heading-left\" style=\"margin:0;\">C. POL\u00cdTICA DE PRIVACIDAD<\/h3><\/div><div class=\"fusion-text fusion-text-4\"><p>La confidencialidad y la seguridad son valores primordiales de XAVIER SAN I DALMAU y, en consecuencia, asumimos el compromiso de garantizar la privacidad de la PERSONA USUARIA en todo momento y no pedir informaci\u00f3n innecesaria.<\/p>\n<p>El suministro de datos personales a trav\u00e9s de nuestro portal requiere una edad m\u00ednima de 14 a\u00f1os y aceptaci\u00f3n expresa de nuestra Pol\u00edtica de Privacidad.<\/p>\n<\/div><div class=\"fusion-title title fusion-title-5 fusion-sep-none fusion-title-text fusion-title-size-three\" style=\"--awb-margin-top-small:10px;--awb-margin-right-small:0px;--awb-margin-bottom-small:10px;--awb-margin-left-small:0px;\"><h3 class=\"fusion-title-heading title-heading-left\" style=\"margin:0;\">D. RESPONSABILIDADES<\/h3><\/div><div class=\"fusion-text fusion-text-5\"><div>\n<p>Al poner a disposici\u00f3n de la PERSONA USUARIA esta p\u00e1gina web queremos ofrecerle un servicio de calidad, utilizando la m\u00e1xima diligencia en la prestaci\u00f3n del mismo, as\u00ed como en los medios tecnol\u00f3gicos utilizados. Sin embargo, XAVIER SAN I DALMAU no garantiza que la disponibilidad del servicio sea continua e ininterrumpida, por circunstancias originadas por problemas en la red de Internet, aver\u00edas en los dispositivos inform\u00e1ticos u otras circunstancias imprevisibles, por lo que la PERSONA USUARIA acepta soportar dentro de unos l\u00edmites razonables estas circunstancias.<\/p>\n<p>Esta p\u00e1gina web, salvo lo regulado, en su caso, por algunas condiciones de uso espec\u00edficas, es puramente informativa y de presentaci\u00f3n corporativa de nuestros productos y servicios, por lo que XAVIER SAN I DALMAU no se responsabiliza por las expectativas de cualquier tipo que pueda generar la PERSONA USUARIA.<\/p>\n<p>Todo lo referente a nuestra p\u00e1gina web, se rige exclusivamente por las leyes espa\u00f1olas. En caso de que se produzca cualquier tipo de discrepancia o diferencia entre las partes en relaci\u00f3n a la interpretaci\u00f3n y contenido de la presente p\u00e1gina web, todas las partes se someten a los Juzgados y Tribunales que legalmente correspondan.<\/p>\n<\/div>\n<\/div><div class=\"fusion-title title fusion-title-6 fusion-sep-none fusion-title-text fusion-title-size-three\" style=\"--awb-margin-top-small:10px;--awb-margin-right-small:0px;--awb-margin-bottom-small:10px;--awb-margin-left-small:0px;\"><h3 class=\"fusion-title-heading title-heading-left\" style=\"margin:0;\">E. VIGENCIA DE LAS CONDICIONES GENERALES DE ACCESO A LA WEB<\/h3><\/div><div class=\"fusion-text fusion-text-6\"><p>Estas Condiciones Generales de Uso han sido modificadas con fecha 20\/07\/2023 a. En cualquier momento podemos proceder a su modificaci\u00f3n: por favor, compruebe la fecha de emisi\u00f3n en cada ocasi\u00f3n en que se conecte a nuestra p\u00e1gina web y as\u00ed tendr\u00e1 la certeza de que no se ha producido ninguna modificaci\u00f3n que le afecte.<\/p>\n<p>Para cualquier cuesti\u00f3n respecto a las Condiciones de Uso de nuestra p\u00e1gina web, puede ponerse en contacto con nosotros en los datos arriba indicados, o con Lant Advocats en info@lant-abogados.com o en https:\/\/www.lante-abogados.com\/.<\/p>\n<\/div><\/div><\/div><\/div><\/div>\n","protected":false},"excerpt":{"rendered":"","protected":false},"author":2,"featured_media":0,"parent":0,"menu_order":110,"comment_status":"closed","ping_status":"closed","template":"","meta":{"footnotes":""},"class_list":["post-1363","page","type-page","status-publish","hentry"],"yoast_head":"<!-- This site is optimized with the Yoast SEO plugin v27.5 - https:\/\/yoast.com\/product\/yoast-seo-wordpress\/ -->\n<title>Aviso Legal - Shiatsu Girona<\/title>\n<meta name=\"robots\" content=\"noindex, nofollow\" \/>\n<meta property=\"og:locale\" content=\"es_ES\" \/>\n<meta property=\"og:type\" content=\"article\" \/>\n<meta property=\"og:title\" content=\"Aviso Legal - Shiatsu Girona\" \/>\n<meta property=\"og:url\" content=\"https:\/\/shiatsugirona.com\/es\/aviso-legal\/\" \/>\n<meta property=\"og:site_name\" content=\"Shiatsu Girona\" \/>\n<meta property=\"article:modified_time\" content=\"2024-11-08T11:49:24+00:00\" \/>\n<meta name=\"twitter:card\" content=\"summary_large_image\" \/>\n<meta name=\"twitter:label1\" content=\"Tiempo de lectura\" \/>\n\t<meta name=\"twitter:data1\" content=\"6 minutos\" \/>\n<script type=\"application\/ld+json\" class=\"yoast-schema-graph\">{\"@context\":\"https:\\\/\\\/schema.org\",\"@graph\":[{\"@type\":\"WebPage\",\"@id\":\"https:\\\/\\\/shiatsugirona.com\\\/es\\\/aviso-legal\\\/\",\"url\":\"https:\\\/\\\/shiatsugirona.com\\\/es\\\/aviso-legal\\\/\",\"name\":\"Aviso Legal - Shiatsu Girona\",\"isPartOf\":{\"@id\":\"https:\\\/\\\/shiatsugirona.com\\\/es\\\/#website\"},\"datePublished\":\"2023-08-24T11:24:33+00:00\",\"dateModified\":\"2024-11-08T11:49:24+00:00\",\"breadcrumb\":{\"@id\":\"https:\\\/\\\/shiatsugirona.com\\\/es\\\/aviso-legal\\\/#breadcrumb\"},\"inLanguage\":\"es\",\"potentialAction\":[{\"@type\":\"ReadAction\",\"target\":[\"https:\\\/\\\/shiatsugirona.com\\\/es\\\/aviso-legal\\\/\"]}]},{\"@type\":\"BreadcrumbList\",\"@id\":\"https:\\\/\\\/shiatsugirona.com\\\/es\\\/aviso-legal\\\/#breadcrumb\",\"itemListElement\":[{\"@type\":\"ListItem\",\"position\":1,\"name\":\"Portada\",\"item\":\"https:\\\/\\\/shiatsugirona.com\\\/es\\\/\"},{\"@type\":\"ListItem\",\"position\":2,\"name\":\"Aviso Legal\"}]},{\"@type\":\"WebSite\",\"@id\":\"https:\\\/\\\/shiatsugirona.com\\\/es\\\/#website\",\"url\":\"https:\\\/\\\/shiatsugirona.com\\\/es\\\/\",\"name\":\"Shiatsu Girona\",\"description\":\"Massatges i Benestar a Girona\",\"potentialAction\":[{\"@type\":\"SearchAction\",\"target\":{\"@type\":\"EntryPoint\",\"urlTemplate\":\"https:\\\/\\\/shiatsugirona.com\\\/es\\\/?s={search_term_string}\"},\"query-input\":{\"@type\":\"PropertyValueSpecification\",\"valueRequired\":true,\"valueName\":\"search_term_string\"}}],\"inLanguage\":\"es\"}]}<\/script>\n<!-- \/ Yoast SEO plugin. -->","yoast_head_json":{"title":"Aviso Legal - Shiatsu Girona","robots":{"index":"noindex","follow":"nofollow"},"og_locale":"es_ES","og_type":"article","og_title":"Aviso Legal - Shiatsu Girona","og_url":"https:\/\/shiatsugirona.com\/es\/aviso-legal\/","og_site_name":"Shiatsu Girona","article_modified_time":"2024-11-08T11:49:24+00:00","twitter_card":"summary_large_image","twitter_misc":{"Tiempo de lectura":"6 minutos"},"schema":{"@context":"https:\/\/schema.org","@graph":[{"@type":"WebPage","@id":"https:\/\/shiatsugirona.com\/es\/aviso-legal\/","url":"https:\/\/shiatsugirona.com\/es\/aviso-legal\/","name":"Aviso Legal - Shiatsu Girona","isPartOf":{"@id":"https:\/\/shiatsugirona.com\/es\/#website"},"datePublished":"2023-08-24T11:24:33+00:00","dateModified":"2024-11-08T11:49:24+00:00","breadcrumb":{"@id":"https:\/\/shiatsugirona.com\/es\/aviso-legal\/#breadcrumb"},"inLanguage":"es","potentialAction":[{"@type":"ReadAction","target":["https:\/\/shiatsugirona.com\/es\/aviso-legal\/"]}]},{"@type":"BreadcrumbList","@id":"https:\/\/shiatsugirona.com\/es\/aviso-legal\/#breadcrumb","itemListElement":[{"@type":"ListItem","position":1,"name":"Portada","item":"https:\/\/shiatsugirona.com\/es\/"},{"@type":"ListItem","position":2,"name":"Aviso Legal"}]},{"@type":"WebSite","@id":"https:\/\/shiatsugirona.com\/es\/#website","url":"https:\/\/shiatsugirona.com\/es\/","name":"Shiatsu Girona","description":"Massatges i Benestar a Girona","potentialAction":[{"@type":"SearchAction","target":{"@type":"EntryPoint","urlTemplate":"https:\/\/shiatsugirona.com\/es\/?s={search_term_string}"},"query-input":{"@type":"PropertyValueSpecification","valueRequired":true,"valueName":"search_term_string"}}],"inLanguage":"es"}]}},"_links":{"self":[{"href":"https:\/\/shiatsugirona.com\/es\/wp-json\/wp\/v2\/pages\/1363","targetHints":{"allow":["GET"]}}],"collection":[{"href":"https:\/\/shiatsugirona.com\/es\/wp-json\/wp\/v2\/pages"}],"about":[{"href":"https:\/\/shiatsugirona.com\/es\/wp-json\/wp\/v2\/types\/page"}],"author":[{"embeddable":true,"href":"https:\/\/shiatsugirona.com\/es\/wp-json\/wp\/v2\/users\/2"}],"replies":[{"embeddable":true,"href":"https:\/\/shiatsugirona.com\/es\/wp-json\/wp\/v2\/comments?post=1363"}],"version-history":[{"count":2,"href":"https:\/\/shiatsugirona.com\/es\/wp-json\/wp\/v2\/pages\/1363\/revisions"}],"predecessor-version":[{"id":1365,"href":"https:\/\/shiatsugirona.com\/es\/wp-json\/wp\/v2\/pages\/1363\/revisions\/1365"}],"wp:attachment":[{"href":"https:\/\/shiatsugirona.com\/es\/wp-json\/wp\/v2\/media?parent=1363"}],"curies":[{"name":"wp","href":"https:\/\/api.w.org\/{rel}","templated":true}]}}