{"id":1366,"date":"2023-08-24T11:26:36","date_gmt":"2023-08-24T11:26:36","guid":{"rendered":"https:\/\/shiatsugirona.com\/politica-de-cookies\/"},"modified":"2024-11-08T11:49:32","modified_gmt":"2024-11-08T11:49:32","slug":"politica-de-cookies","status":"publish","type":"page","link":"https:\/\/shiatsugirona.com\/es\/politica-de-cookies\/","title":{"rendered":"Pol\u00edtica de cookies"},"content":{"rendered":"<div class=\"fusion-fullwidth fullwidth-box fusion-builder-row-1 fusion-flex-container nonhundred-percent-fullwidth non-hundred-percent-height-scrolling\" style=\"--awb-border-radius-top-left:0px;--awb-border-radius-top-right:0px;--awb-border-radius-bottom-right:0px;--awb-border-radius-bottom-left:0px;--awb-flex-wrap:wrap;\" ><div class=\"fusion-builder-row fusion-row fusion-flex-align-items-flex-start fusion-flex-content-wrap\" style=\"max-width:1248px;margin-left: calc(-4% \/ 2 );margin-right: calc(-4% \/ 2 );\"><div class=\"fusion-layout-column fusion_builder_column fusion-builder-column-0 fusion_builder_column_1_1 1_1 fusion-flex-column\" style=\"--awb-bg-blend:overlay;--awb-bg-size:cover;--awb-width-large:100%;--awb-margin-top-large:0px;--awb-spacing-right-large:1.92%;--awb-margin-bottom-large:0px;--awb-spacing-left-large:1.92%;--awb-width-medium:100%;--awb-spacing-right-medium:1.92%;--awb-spacing-left-medium:1.92%;--awb-width-small:100%;--awb-spacing-right-small:1.92%;--awb-spacing-left-small:1.92%;\"><div class=\"fusion-column-wrapper fusion-flex-justify-content-flex-start fusion-content-layout-column\"><div class=\"fusion-title title fusion-title-1 fusion-sep-none fusion-title-text fusion-title-size-one\" style=\"--awb-margin-bottom:30px;--awb-margin-top-small:10px;--awb-margin-right-small:0px;--awb-margin-bottom-small:10px;--awb-margin-left-small:0px;\"><h1 class=\"fusion-title-heading title-heading-left\" style=\"margin:0;\">Pol\u00edtica de cookies<\/h1><\/div><div class=\"fusion-title title fusion-title-2 fusion-sep-none fusion-title-text fusion-title-size-three\" style=\"--awb-margin-top-small:10px;--awb-margin-right-small:0px;--awb-margin-bottom-small:10px;--awb-margin-left-small:0px;\"><h3 class=\"fusion-title-heading title-heading-left\" style=\"margin:0;\"><p><strong>\u00bfQu\u00e9 son las cookies?<\/strong><\/p>\n<p><b>\u00a0<\/b><\/p><\/h3><\/div><div class=\"fusion-text fusion-text-1\"><p>Las cookies son peque\u00f1os archivos de datos que se reciben en el terminal desde el sitio web visitado y se utilizan para registrar ciertas interacciones de la navegaci\u00f3n en un sitio web almacenando datos que podr\u00e1n ser actualizados y recuperados. Estos archivos se almacenan en el ordenador del usuario y contiene datos an\u00f3nimos que no son perjudiciales para su equipo. Se utilizan para recordar las preferencias del usuario como el idioma seleccionado, datos de acceso o personalizaci\u00f3n de la p\u00e1gina.<\/p>\n<p>Las Cookies tambi\u00e9n pueden ser utilizadas para registrar informaci\u00f3n an\u00f3nima sobre c\u00f3mo un visitante utiliza un sitio. Por ejemplo, desde qu\u00e9 p\u00e1gina Web ha accedido, o si ha utilizado un \u00abbanner\u00bb publicitario para llegar.<\/p>\n<\/div><div class=\"fusion-title title fusion-title-3 fusion-sep-none fusion-title-text fusion-title-size-three\" style=\"--awb-margin-top-small:10px;--awb-margin-right-small:0px;--awb-margin-bottom-small:10px;--awb-margin-left-small:0px;\"><h3 class=\"fusion-title-heading title-heading-left\" style=\"margin:0;\">\u00bfQu\u00e9 uso le damos a los distintos tipos de cookies?<\/h3><\/div><div class=\"fusion-text fusion-text-2\"><p>Seg\u00fan su finalidad:<\/p>\n<\/div>\n<div class=\"table-1\">\n<table width=\"100%\">\n<thead>\n<tr>\n<th align=\"left\">Cookies t\u00e9cnicas<\/th>\n<th align=\"left\"><span style=\"font-weight: 400;\">Las cookies t\u00e9cnicas son aquellas que facilitan la navegaci\u00f3n del usuario y la utilizaci\u00f3n de las diferentes opciones o servicios que ofrece la web como identificar la sesi\u00f3n, permitir el acceso a determinadas \u00e1reas, facilitar pedidos, compras, cumplimentaci\u00f3n de formularios, inscripciones, seguridad , facilitar funcionalidades (v\u00eddeos, redes sociales\u2026).<\/span><\/th>\n<\/tr>\n<\/thead>\n<tbody>\n<tr>\n<td align=\"left\"><strong>Cookies de personalizaci\u00f3n<\/strong><\/td>\n<td align=\"left\">Las cookies de personalizaci\u00f3n permiten al usuario acceder a los servicios seg\u00fan sus preferencias (idioma, navegador, configuraci\u00f3n\u2026).<\/p>\n<p>Las cookies de personalizaci\u00f3n permiten al usuario.<\/td>\n<\/tr>\n<tr>\n<td align=\"left\"><strong>Cookies de an\u00e1lisis<\/strong><\/td>\n<td align=\"left\"><span style=\"font-weight: 400;\">Las cookies de an\u00e1lisis son las utilizadas para llevar a cabo el an\u00e1lisis an\u00f3nimo del comportamiento de los usuarios de la web y que permiten medir la actividad del usuario y elaborar perfiles de navegaci\u00f3n con el fin objetivo de mejorar los sitios web.<\/span><\/td>\n<\/tr>\n<tr>\n<td align=\"left\"><strong>Cookies publicitarias<\/strong><\/td>\n<td align=\"left\"><span style=\"font-weight: 400;\">Las cookies publicitarias permiten la gesti\u00f3n de los espacios publicitarios de la web. Adem\u00e1s, estas cookies pueden ser de publicidad personalizada y permitir as\u00ed la gesti\u00f3n de los espacios publicitarios de la web en base al comportamiento y h\u00e1bitos de navegaci\u00f3n de usuario, de donde se obtiene su perfil y permiten personalizar la publicidad que se muestra en el navegador del usuario u otros perfiles y redes sociales del usuario.<\/span><\/td>\n<\/tr>\n<\/tbody>\n<\/table>\n<\/div>\n<div class=\"fusion-text fusion-text-3\" style=\"--awb-margin-top:35px;\"><p>Seg\u00fan su plazo:<\/p>\n<\/div>\n<div class=\"table-1\">\n<table width=\"100%\">\n<thead>\n<tr>\n<th align=\"left\"><b>Cookies de sesi\u00f3n<\/b><\/th>\n<th align=\"left\"><span style=\"font-weight: 400;\">Las cookies de sesi\u00f3n son aquellas que duran el tiempo que el usuario est\u00e1 navegando por la p\u00e1gina Web y se borran al cerrar el navegador.<\/span><\/th>\n<\/tr>\n<\/thead>\n<tbody>\n<tr>\n<td align=\"left\"><strong>Cookies persistentes<\/strong><\/td>\n<td align=\"left\">Estas cookies quedan almacenadas en el terminal del usuario hasta que son eliminadas manualmente o haya concluido el per\u00edodo de duraci\u00f3n establecido para esta cookie.<\/td>\n<\/tr>\n<\/tbody>\n<\/table>\n<\/div>\n<div class=\"fusion-text fusion-text-4\" style=\"--awb-margin-top:35px;\"><p>Seg\u00fan su titularidad:<\/p>\n<\/div>\n<div class=\"table-1\">\n<table width=\"100%\">\n<thead>\n<tr>\n<th align=\"left\"><b>Cookies propias\u00a0<\/b><\/th>\n<th align=\"left\"><span style=\"font-weight: 400;\">Aquellas que se env\u00eden al equipo terminal del usuario desde un equipo o dominio gestionado por el propio editor y desde el que se presta el servicio solicitado por el usuario.<\/span><\/th>\n<\/tr>\n<\/thead>\n<tbody>\n<tr>\n<td align=\"left\"><strong>Cookies de terceros<\/strong><\/td>\n<td align=\"left\">Aquellas que se env\u00eden al equipo terminal del usuario desde un equipo o dominio que no es gestionado por el editor, sino por otra entidad que trata los datos obtenidos a trav\u00e9s de las cookies.<\/td>\n<\/tr>\n<\/tbody>\n<\/table>\n<\/div>\n<div class=\"fusion-text fusion-text-5\" style=\"--awb-margin-top:35px;\"><p>La siguiente tabla recoge la clasificaci\u00f3n y descripci\u00f3n de las cookies utilizadas en la presente p\u00e1gina web para que puedas identificarlas en tu navegador:<\/p>\n<\/div>\n<div class=\"table-1\">\n<table width=\"100%\">\n<thead>\n<tr>\n<th align=\"left\">NOMBRE<\/th>\n<th align=\"left\">TITULAR<\/th>\n<th align=\"left\">DATOS RECAPTADOS<\/th>\n<th align=\"left\">FINALIDAD<\/th>\n<th align=\"left\">DURACI\u00d3N<\/th>\n<\/tr>\n<\/thead>\n<tbody>\n<tr>\n<td align=\"left\">_ga<\/td>\n<td align=\"left\"><span style=\"font-weight: 400;\">Cookie de terceros<\/span><\/td>\n<td align=\"left\"><span style=\"font-weight: 400;\">Sessions dels visitants.<\/span><\/td>\n<td align=\"left\"><span style=\"font-weight: 400;\">Anal\u00edtica<\/span><\/td>\n<td align=\"left\"><span style=\"font-weight: 400;\">2 anys des del final de la \u00faltima visita.<\/span><\/td>\n<\/tr>\n<tr>\n<td align=\"left\">_gid<\/td>\n<td align=\"left\"><span style=\"font-weight: 400;\">Cookie de terceros<\/span><\/td>\n<td align=\"left\"><span style=\"font-weight: 400;\">Sessions dels visitants.<\/span><\/td>\n<td align=\"left\"><span style=\"font-weight: 400;\">Anal\u00edtica<\/span><\/td>\n<td align=\"left\"><span style=\"font-weight: 400;\">24 hores des del final de la \u00faltima visita.<\/span><\/td>\n<\/tr>\n<tr>\n<td align=\"left\">_gat<\/td>\n<td align=\"left\"><span style=\"font-weight: 400;\">Cookie de terceros<\/span><\/td>\n<td align=\"left\"><span style=\"font-weight: 400;\">Sessions dels visitants.<\/span><\/td>\n<td align=\"left\"><span style=\"font-weight: 400;\">Anal\u00edtica<\/span><\/td>\n<td align=\"left\"><span style=\"font-weight: 400;\">1 minut.<\/span><\/td>\n<\/tr>\n<tr>\n<td align=\"left\">wp-wpml_current_language<\/td>\n<td align=\"left\"><span style=\"font-weight: 400;\">Cookie propia <\/span><\/td>\n<td align=\"left\">Sesi\u00f3n del visitante para funcionalidad interna de la web.<\/td>\n<td align=\"left\">T\u00e9cnica<\/td>\n<td align=\"left\">Al finalizar la sesi\u00f3n con el navegador<\/td>\n<\/tr>\n<tr>\n<td align=\"left\"><\/td>\n<td align=\"left\">Cookie de terceros<\/td>\n<td align=\"left\">Acceptaci\u00f3n de cookies<\/td>\n<td align=\"left\">T\u00e9cnica<\/td>\n<td align=\"left\">1 a\u00f1o<\/td>\n<\/tr>\n<tr>\n<td align=\"left\"><\/td>\n<td align=\"left\"><\/td>\n<td align=\"left\"><\/td>\n<td align=\"left\"><\/td>\n<td align=\"left\"><\/td>\n<\/tr>\n<tr>\n<td align=\"left\"><\/td>\n<td align=\"left\"><\/td>\n<td align=\"left\"><\/td>\n<td align=\"left\"><\/td>\n<td align=\"left\"><\/td>\n<\/tr>\n<tr>\n<td align=\"left\"><\/td>\n<td align=\"left\"><\/td>\n<td align=\"left\"><\/td>\n<td align=\"left\"><\/td>\n<td align=\"left\"><\/td>\n<\/tr>\n<tr>\n<td align=\"left\"><\/td>\n<td align=\"left\"><\/td>\n<td align=\"left\"><\/td>\n<td align=\"left\"><\/td>\n<td align=\"left\"><\/td>\n<\/tr>\n<tr>\n<td align=\"left\"><\/td>\n<td align=\"left\"><\/td>\n<td align=\"left\"><\/td>\n<td align=\"left\"><\/td>\n<td align=\"left\"><\/td>\n<\/tr>\n<tr>\n<td align=\"left\"><\/td>\n<td align=\"left\"><\/td>\n<td align=\"left\"><\/td>\n<td align=\"left\"><\/td>\n<td align=\"left\"><\/td>\n<\/tr>\n<tr>\n<td align=\"left\"><\/td>\n<td align=\"left\"><\/td>\n<td align=\"left\"><\/td>\n<td align=\"left\"><\/td>\n<td align=\"left\"><\/td>\n<\/tr>\n<tr>\n<td align=\"left\"><\/td>\n<td align=\"left\"><\/td>\n<td align=\"left\"><\/td>\n<td align=\"left\"><\/td>\n<td align=\"left\"><\/td>\n<\/tr>\n<tr>\n<td align=\"left\"><\/td>\n<td align=\"left\"><\/td>\n<td align=\"left\"><\/td>\n<td align=\"left\"><\/td>\n<td align=\"left\"><\/td>\n<\/tr>\n<tr>\n<td align=\"left\"><\/td>\n<td align=\"left\"><\/td>\n<td align=\"left\"><\/td>\n<td align=\"left\"><\/td>\n<td align=\"left\"><\/td>\n<\/tr>\n<tr>\n<td align=\"left\"><\/td>\n<td align=\"left\"><\/td>\n<td align=\"left\"><\/td>\n<td align=\"left\"><\/td>\n<td align=\"left\"><\/td>\n<\/tr>\n<tr>\n<td align=\"left\"><\/td>\n<td align=\"left\"><\/td>\n<td align=\"left\"><\/td>\n<td align=\"left\"><\/td>\n<td align=\"left\"><\/td>\n<\/tr>\n<tr>\n<td align=\"left\"><\/td>\n<td align=\"left\"><\/td>\n<td align=\"left\"><\/td>\n<td align=\"left\"><\/td>\n<td align=\"left\"><\/td>\n<\/tr>\n<tr>\n<td align=\"left\"><\/td>\n<td align=\"left\"><\/td>\n<td align=\"left\"><\/td>\n<td align=\"left\"><\/td>\n<td align=\"left\"><\/td>\n<\/tr>\n<tr>\n<td align=\"left\"><\/td>\n<td align=\"left\"><\/td>\n<td align=\"left\"><\/td>\n<td align=\"left\"><\/td>\n<td align=\"left\"><\/td>\n<\/tr>\n<tr>\n<td align=\"left\"><\/td>\n<td align=\"left\"><\/td>\n<td align=\"left\"><\/td>\n<td align=\"left\"><\/td>\n<td align=\"left\"><\/td>\n<\/tr>\n<tr>\n<td align=\"left\"><\/td>\n<td align=\"left\"><\/td>\n<td align=\"left\"><\/td>\n<td align=\"left\"><\/td>\n<td align=\"left\"><\/td>\n<\/tr>\n<tr>\n<td align=\"left\"><\/td>\n<td align=\"left\"><\/td>\n<td align=\"left\"><\/td>\n<td align=\"left\"><\/td>\n<td align=\"left\"><\/td>\n<\/tr>\n<tr>\n<td align=\"left\"><\/td>\n<td align=\"left\"><\/td>\n<td align=\"left\"><\/td>\n<td align=\"left\"><\/td>\n<td align=\"left\"><\/td>\n<\/tr>\n<tr>\n<td align=\"left\"><\/td>\n<td align=\"left\"><\/td>\n<td align=\"left\"><\/td>\n<td align=\"left\"><\/td>\n<td align=\"left\"><\/td>\n<\/tr>\n<tr>\n<td align=\"left\"><\/td>\n<td align=\"left\"><\/td>\n<td align=\"left\"><\/td>\n<td align=\"left\"><\/td>\n<td align=\"left\"><\/td>\n<\/tr>\n<tr>\n<td align=\"left\"><\/td>\n<td align=\"left\"><\/td>\n<td align=\"left\"><\/td>\n<td align=\"left\"><\/td>\n<td align=\"left\"><\/td>\n<\/tr>\n<tr>\n<td align=\"left\"><\/td>\n<td align=\"left\"><\/td>\n<td align=\"left\"><\/td>\n<td align=\"left\"><\/td>\n<td align=\"left\"><\/td>\n<\/tr>\n<tr>\n<td align=\"left\"><\/td>\n<td align=\"left\"><\/td>\n<td align=\"left\"><\/td>\n<td align=\"left\"><\/td>\n<td align=\"left\"><\/td>\n<\/tr>\n<tr>\n<td align=\"left\"><\/td>\n<td align=\"left\"><\/td>\n<td align=\"left\"><\/td>\n<td align=\"left\"><\/td>\n<td align=\"left\"><\/td>\n<\/tr>\n<tr>\n<td align=\"left\"><\/td>\n<td align=\"left\"><\/td>\n<td align=\"left\"><\/td>\n<td align=\"left\"><\/td>\n<td align=\"left\"><\/td>\n<\/tr>\n<tr>\n<td align=\"left\"><\/td>\n<td align=\"left\"><\/td>\n<td align=\"left\"><\/td>\n<td align=\"left\"><\/td>\n<td align=\"left\"><\/td>\n<\/tr>\n<tr>\n<td align=\"left\"><\/td>\n<td align=\"left\"><\/td>\n<td align=\"left\"><\/td>\n<td align=\"left\"><\/td>\n<td align=\"left\"><\/td>\n<\/tr>\n<tr>\n<td align=\"left\"><\/td>\n<td align=\"left\"><\/td>\n<td align=\"left\"><\/td>\n<td align=\"left\"><\/td>\n<td align=\"left\"><\/td>\n<\/tr>\n<tr>\n<td align=\"left\"><\/td>\n<td align=\"left\"><\/td>\n<td align=\"left\"><\/td>\n<td align=\"left\"><\/td>\n<td align=\"left\"><\/td>\n<\/tr>\n<\/tbody>\n<\/table>\n<\/div>\n<div class=\"fusion-text fusion-text-6\" style=\"--awb-margin-top:35px;\"><p>Utiliza cookies t\u00e9cnicas, de personalizaci\u00f3n, an\u00e1lisis (y publicitarios) propios y de terceros, que tratan datos de conexi\u00f3n y\/o dispositivo, as\u00ed como h\u00e1bitos de navegaci\u00f3n para fines estad\u00edsticos (y publicitarios).<\/p>\n<p>Por eso, al acceder a nuestra web, en cumplimiento del art\u00edculo 22 de la Ley de Servicios de la Sociedad de la Informaci\u00f3n le hemos solicitado su consentimiento para su uso.<\/p>\n<p>El suministro de datos personales a trav\u00e9s de nuestro portal y su consentimiento para el uso de cookies requiere una edad m\u00ednima de 14 a\u00f1os y la aceptaci\u00f3n expresa de nuestra Pol\u00edtica de Privacidad.<\/p>\n<p>De todas formas, le informamos que puede activar o desactivar las cookies siguiendo las instrucciones de su navegador de Internet:<\/p>\n<\/div>\n<div class=\"table-1\" style=\"--awb-margin-bottom:35px;\">\n<table width=\"100%\">\n<thead>\n<tr>\n<th align=\"left\"><b>Chrome<\/b><\/th>\n<th align=\"left\"><span style=\"font-weight: 400;\">Configuraci\u00f3n \ud83e\udc6a Mostrar opciones avanzadas \ud83e\udc6a Privacidad \ud83e\udc6a Configuraci\u00f3n de contenidos.<\/span><\/th>\n<th align=\"left\"><a href=\"about:blank\"><span style=\"font-weight: 400;\">support.google.com<\/span><\/a><\/th>\n<\/tr>\n<\/thead>\n<tbody>\n<tr>\n<td align=\"left\"><b>Firefox<\/b><\/td>\n<td align=\"left\"><span style=\"font-weight: 400;\">Herramientas\ud83e\udc6a Opciones \ud83e\udc6a Privacidad \ud83e\udc6a Historial \ud83e\udc6a Configuraci\u00f3n Personalizada.<\/span><\/td>\n<td align=\"left\"><a href=\"about:blank\"><span style=\"font-weight: 400;\">support.mozilla.org<\/span><\/a><\/td>\n<\/tr>\n<tr>\n<td align=\"left\"><b>Internet Explorer<\/b><\/td>\n<td align=\"left\"><span style=\"font-weight: 400;\">Herramientas \ud83e\udc6a Opciones de Internet \ud83e\udc6a Privacidad \ud83e\udc6a Configuraci\u00f3n.<\/span><\/td>\n<td align=\"left\"><a href=\"about:blank\"><span style=\"font-weight: 400;\">windows.microsoft.com<\/span><\/a><\/td>\n<\/tr>\n<tr>\n<td align=\"left\"><b>Opera<\/b><\/td>\n<td align=\"left\"><span style=\"font-weight: 400;\">Herramientas <\/span><span style=\"font-weight: 400;\">\ud83e\udc6a<\/span><span style=\"font-weight: 400;\"> Preferencias <\/span><span style=\"font-weight: 400;\">\ud83e\udc6a<\/span><span style=\"font-weight: 400;\"> Editar preferencias <\/span><span style=\"font-weight: 400;\">\ud83e\udc6a<\/span><span style=\"font-weight: 400;\"> Cookies.<\/span><\/td>\n<td align=\"left\"><a href=\"http:\/\/www.opera.com\/help\/tutorials\/security\/cookies\/\"><span style=\"font-weight: 400;\">http:\/\/www.opera.com\/help\/tutorials\/security\/cookies\/<\/span><\/a><\/td>\n<\/tr>\n<tr>\n<td align=\"left\"><b>Safari<\/b><\/td>\n<td align=\"left\"><span style=\"font-weight: 400;\">Preferencias \ud83e\udc6a Seguridad.<\/span><\/td>\n<td align=\"left\"><a href=\"http:\/\/www.apple.com\"><span style=\"font-weight: 400;\">http:\/\/www.apple.com<\/span><\/a><\/td>\n<\/tr>\n<tr>\n<td align=\"left\"><b>Edge<\/b><\/td>\n<td align=\"left\"><span style=\"font-weight: 400;\">Configuraci\u00f3n <\/span><span style=\"font-weight: 400;\">\ud83e\udc6a<\/span><span style=\"font-weight: 400;\"> Ver configuraci\u00f3 avanzada <\/span><span style=\"font-weight: 400;\">\ud83e\udc6a<\/span><span style=\"font-weight: 400;\"> Privacidad y servicios <\/span><span style=\"font-weight: 400;\">\ud83e\udc6a<\/span><span style=\"font-weight: 400;\"> Cookies.<\/span><\/td>\n<td align=\"left\"><a href=\"https:\/\/privacy.microsoft.com\/es-es\/windows-10-microsoft-edge-and-privacy\"><span style=\"font-weight: 400;\">https:\/\/privacy.microsoft.com\/es-es\/windows-10-microsoft-edge-and-privacy<\/span><\/a><\/td>\n<\/tr>\n<\/tbody>\n<\/table>\n<\/div>\n<\/div><\/div><\/div><\/div>\n","protected":false},"excerpt":{"rendered":"","protected":false},"author":2,"featured_media":0,"parent":0,"menu_order":120,"comment_status":"closed","ping_status":"closed","template":"","meta":{"footnotes":""},"class_list":["post-1366","page","type-page","status-publish","hentry"],"yoast_head":"<!-- This site is optimized with the Yoast SEO plugin v27.4 - https:\/\/yoast.com\/product\/yoast-seo-wordpress\/ -->\n<title>Pol\u00edtica de cookies - Shiatsu Girona<\/title>\n<meta name=\"robots\" content=\"noindex, nofollow\" \/>\n<meta property=\"og:locale\" content=\"es_ES\" \/>\n<meta property=\"og:type\" content=\"article\" \/>\n<meta property=\"og:title\" content=\"Pol\u00edtica de cookies - Shiatsu Girona\" \/>\n<meta property=\"og:url\" content=\"https:\/\/shiatsugirona.com\/es\/politica-de-cookies\/\" \/>\n<meta property=\"og:site_name\" content=\"Shiatsu Girona\" \/>\n<meta property=\"article:modified_time\" content=\"2024-11-08T11:49:32+00:00\" \/>\n<meta name=\"twitter:card\" content=\"summary_large_image\" \/>\n<meta name=\"twitter:label1\" content=\"Tiempo de lectura\" \/>\n\t<meta name=\"twitter:data1\" content=\"5 minutos\" \/>\n<script type=\"application\/ld+json\" class=\"yoast-schema-graph\">{\"@context\":\"https:\\\/\\\/schema.org\",\"@graph\":[{\"@type\":\"WebPage\",\"@id\":\"https:\\\/\\\/shiatsugirona.com\\\/es\\\/politica-de-cookies\\\/\",\"url\":\"https:\\\/\\\/shiatsugirona.com\\\/es\\\/politica-de-cookies\\\/\",\"name\":\"Pol\u00edtica de cookies - Shiatsu Girona\",\"isPartOf\":{\"@id\":\"https:\\\/\\\/shiatsugirona.com\\\/es\\\/#website\"},\"datePublished\":\"2023-08-24T11:26:36+00:00\",\"dateModified\":\"2024-11-08T11:49:32+00:00\",\"breadcrumb\":{\"@id\":\"https:\\\/\\\/shiatsugirona.com\\\/es\\\/politica-de-cookies\\\/#breadcrumb\"},\"inLanguage\":\"es\",\"potentialAction\":[{\"@type\":\"ReadAction\",\"target\":[\"https:\\\/\\\/shiatsugirona.com\\\/es\\\/politica-de-cookies\\\/\"]}]},{\"@type\":\"BreadcrumbList\",\"@id\":\"https:\\\/\\\/shiatsugirona.com\\\/es\\\/politica-de-cookies\\\/#breadcrumb\",\"itemListElement\":[{\"@type\":\"ListItem\",\"position\":1,\"name\":\"Portada\",\"item\":\"https:\\\/\\\/shiatsugirona.com\\\/es\\\/\"},{\"@type\":\"ListItem\",\"position\":2,\"name\":\"Pol\u00edtica de cookies\"}]},{\"@type\":\"WebSite\",\"@id\":\"https:\\\/\\\/shiatsugirona.com\\\/es\\\/#website\",\"url\":\"https:\\\/\\\/shiatsugirona.com\\\/es\\\/\",\"name\":\"Shiatsu Girona\",\"description\":\"Massatges i Benestar a Girona\",\"potentialAction\":[{\"@type\":\"SearchAction\",\"target\":{\"@type\":\"EntryPoint\",\"urlTemplate\":\"https:\\\/\\\/shiatsugirona.com\\\/es\\\/?s={search_term_string}\"},\"query-input\":{\"@type\":\"PropertyValueSpecification\",\"valueRequired\":true,\"valueName\":\"search_term_string\"}}],\"inLanguage\":\"es\"}]}<\/script>\n<!-- \/ Yoast SEO plugin. -->","yoast_head_json":{"title":"Pol\u00edtica de cookies - Shiatsu Girona","robots":{"index":"noindex","follow":"nofollow"},"og_locale":"es_ES","og_type":"article","og_title":"Pol\u00edtica de cookies - Shiatsu Girona","og_url":"https:\/\/shiatsugirona.com\/es\/politica-de-cookies\/","og_site_name":"Shiatsu Girona","article_modified_time":"2024-11-08T11:49:32+00:00","twitter_card":"summary_large_image","twitter_misc":{"Tiempo de lectura":"5 minutos"},"schema":{"@context":"https:\/\/schema.org","@graph":[{"@type":"WebPage","@id":"https:\/\/shiatsugirona.com\/es\/politica-de-cookies\/","url":"https:\/\/shiatsugirona.com\/es\/politica-de-cookies\/","name":"Pol\u00edtica de cookies - Shiatsu Girona","isPartOf":{"@id":"https:\/\/shiatsugirona.com\/es\/#website"},"datePublished":"2023-08-24T11:26:36+00:00","dateModified":"2024-11-08T11:49:32+00:00","breadcrumb":{"@id":"https:\/\/shiatsugirona.com\/es\/politica-de-cookies\/#breadcrumb"},"inLanguage":"es","potentialAction":[{"@type":"ReadAction","target":["https:\/\/shiatsugirona.com\/es\/politica-de-cookies\/"]}]},{"@type":"BreadcrumbList","@id":"https:\/\/shiatsugirona.com\/es\/politica-de-cookies\/#breadcrumb","itemListElement":[{"@type":"ListItem","position":1,"name":"Portada","item":"https:\/\/shiatsugirona.com\/es\/"},{"@type":"ListItem","position":2,"name":"Pol\u00edtica de cookies"}]},{"@type":"WebSite","@id":"https:\/\/shiatsugirona.com\/es\/#website","url":"https:\/\/shiatsugirona.com\/es\/","name":"Shiatsu Girona","description":"Massatges i Benestar a Girona","potentialAction":[{"@type":"SearchAction","target":{"@type":"EntryPoint","urlTemplate":"https:\/\/shiatsugirona.com\/es\/?s={search_term_string}"},"query-input":{"@type":"PropertyValueSpecification","valueRequired":true,"valueName":"search_term_string"}}],"inLanguage":"es"}]}},"_links":{"self":[{"href":"https:\/\/shiatsugirona.com\/es\/wp-json\/wp\/v2\/pages\/1366","targetHints":{"allow":["GET"]}}],"collection":[{"href":"https:\/\/shiatsugirona.com\/es\/wp-json\/wp\/v2\/pages"}],"about":[{"href":"https:\/\/shiatsugirona.com\/es\/wp-json\/wp\/v2\/types\/page"}],"author":[{"embeddable":true,"href":"https:\/\/shiatsugirona.com\/es\/wp-json\/wp\/v2\/users\/2"}],"replies":[{"embeddable":true,"href":"https:\/\/shiatsugirona.com\/es\/wp-json\/wp\/v2\/comments?post=1366"}],"version-history":[{"count":2,"href":"https:\/\/shiatsugirona.com\/es\/wp-json\/wp\/v2\/pages\/1366\/revisions"}],"predecessor-version":[{"id":1369,"href":"https:\/\/shiatsugirona.com\/es\/wp-json\/wp\/v2\/pages\/1366\/revisions\/1369"}],"wp:attachment":[{"href":"https:\/\/shiatsugirona.com\/es\/wp-json\/wp\/v2\/media?parent=1366"}],"curies":[{"name":"wp","href":"https:\/\/api.w.org\/{rel}","templated":true}]}}